{"id":25,"date":"2025-10-06T20:08:36","date_gmt":"2025-10-06T20:08:36","guid":{"rendered":"https:\/\/gops.suwalki.pl\/?page_id=25"},"modified":"2025-10-06T20:08:36","modified_gmt":"2025-10-06T20:08:36","slug":"kontakt","status":"publish","type":"page","link":"https:\/\/gops.suwalki.pl\/?page_id=25","title":{"rendered":"Kontakt"},"content":{"rendered":"\n<p>GOPS w Suwa\u0142kach<br>ul. \u015awierkowa 45<br>16-400 Suwa\u0142ki<\/p>\n\n\n\n<p>tel . 87 565 93 47 \/49 <strong>pracownicy socjalni<\/strong><\/p>\n\n\n\n<p>tel . 87 565 93 61<strong> ksi\u0119gowa<\/strong><\/p>\n\n\n\n<p>tel . 87 565 93 62 <strong>\u015bwiadczenia rodzinne, 500+, fundusz alimentacyjny<\/strong><\/p>\n\n\n\n<p>ePUAP :<\/p>\n\n\n\n<p>\/GOPSSUWALKI\/domyslna<\/p>\n\n\n\n<p>\/GOPSSUWALKI\/SkrytkaESP<\/p>\n\n\n\n<p><\/p>\n","protected":false},"excerpt":{"rendered":"<p>GOPS w Suwa\u0142kachul. \u015awierkowa 4516-400 Suwa\u0142ki tel . 87 565 93 47 \/49 pracownicy socjalni tel . 87 565 93 61 ksi\u0119gowa tel . 87 565 93 62 \u015bwiadczenia rodzinne, 500+, fundusz alimentacyjny ePUAP : \/GOPSSUWALKI\/domyslna \/GOPSSUWALKI\/SkrytkaESP<\/p>\n","protected":false},"author":1,"featured_media":0,"parent":0,"menu_order":0,"comment_status":"closed","ping_status":"closed","template":"","meta":{"footnotes":""},"class_list":["post-25","page","type-page","status-publish","hentry"],"_links":{"self":[{"href":"https:\/\/gops.suwalki.pl\/index.php?rest_route=\/wp\/v2\/pages\/25","targetHints":{"allow":["GET"]}}],"collection":[{"href":"https:\/\/gops.suwalki.pl\/index.php?rest_route=\/wp\/v2\/pages"}],"about":[{"href":"https:\/\/gops.suwalki.pl\/index.php?rest_route=\/wp\/v2\/types\/page"}],"author":[{"embeddable":true,"href":"https:\/\/gops.suwalki.pl\/index.php?rest_route=\/wp\/v2\/users\/1"}],"replies":[{"embeddable":true,"href":"https:\/\/gops.suwalki.pl\/index.php?rest_route=%2Fwp%2Fv2%2Fcomments&post=25"}],"version-history":[{"count":1,"href":"https:\/\/gops.suwalki.pl\/index.php?rest_route=\/wp\/v2\/pages\/25\/revisions"}],"predecessor-version":[{"id":26,"href":"https:\/\/gops.suwalki.pl\/index.php?rest_route=\/wp\/v2\/pages\/25\/revisions\/26"}],"wp:attachment":[{"href":"https:\/\/gops.suwalki.pl\/index.php?rest_route=%2Fwp%2Fv2%2Fmedia&parent=25"}],"curies":[{"name":"wp","href":"https:\/\/api.w.org\/{rel}","templated":true}]}}