{"id":39,"date":"2025-10-06T20:18:25","date_gmt":"2025-10-06T20:18:25","guid":{"rendered":"https:\/\/gops.suwalki.pl\/?page_id=39"},"modified":"2025-12-18T20:55:01","modified_gmt":"2025-12-18T20:55:01","slug":"terminy-skladania-wnioskow","status":"publish","type":"page","link":"https:\/\/gops.suwalki.pl\/?page_id=39","title":{"rendered":"Terminy sk\u0142adania wniosk\u00f3w"},"content":{"rendered":"\n<p><\/p>\n\n\n\n<p><\/p>\n\n\n\n<ul class=\"wp-block-list\">\n<li><strong>Zasi\u0142ek rodzinny<\/strong><\/li>\n<\/ul>\n\n\n\n<figure class=\"wp-block-table\"><table class=\"has-fixed-layout\"><tbody><tr><td class=\"has-text-align-center\" data-align=\"center\"><strong>Termin z\u0142o\u017cenia wniosku<\/strong><\/td><td class=\"has-text-align-center\" data-align=\"center\"><strong>Wyp\u0142ata \u015bwiadcze\u0144<\/strong><\/td><\/tr><tr><td class=\"has-text-align-center\" data-align=\"center\">01.07.2023 \u2013 31.07.2023 Wy\u0142\u0105cznie wnioski elektroniczne<\/td><td class=\"has-text-align-center\" data-align=\"center\">Do 30.11.2023<\/td><\/tr><tr><td class=\"has-text-align-center\" data-align=\"center\">01.08.2023 \u2013 31.08.2023<\/td><td class=\"has-text-align-center\" data-align=\"center\">Do 30.11.2023<\/td><\/tr><tr><td class=\"has-text-align-center\" data-align=\"center\">01.09.2023 \u2013 31.10.2023<\/td><td class=\"has-text-align-center\" data-align=\"center\">Do 31.12.2023<\/td><\/tr><tr><td class=\"has-text-align-center\" data-align=\"center\">01.11.2023 \u2013 31.12.2023<\/td><td class=\"has-text-align-center\" data-align=\"center\">Do 28.02.2024<\/td><\/tr><\/tbody><\/table><\/figure>\n\n\n\n<ul class=\"wp-block-list\">\n<li><strong>Fundusz alimentacyjny<\/strong><\/li>\n<\/ul>\n\n\n\n<figure class=\"wp-block-table\"><table class=\"has-fixed-layout\"><tbody><tr><td class=\"has-text-align-center\" data-align=\"center\"><strong>Termin z\u0142o\u017cenia wniosku<\/strong><\/td><td class=\"has-text-align-center\" data-align=\"center\"><strong>Wyp\u0142ata \u015bwiadcze\u0144<\/strong><\/td><\/tr><tr><td class=\"has-text-align-center\" data-align=\"center\">01.07.2023 \u2013 31.07.2023 Wy\u0142\u0105cznie wnioski elektroniczne<\/td><td class=\"has-text-align-center\" data-align=\"center\">Do 31.10.2023<\/td><\/tr><tr><td class=\"has-text-align-center\" data-align=\"center\">01.08.2023 \u2013 31.08.2023<\/td><td class=\"has-text-align-center\" data-align=\"center\">Do 31.10.2023<\/td><\/tr><tr><td class=\"has-text-align-center\" data-align=\"center\">01.09.2023 \u2013 30.09.2023<\/td><td class=\"has-text-align-center\" data-align=\"center\">Do 30.11.2023<\/td><\/tr><tr><td class=\"has-text-align-center\" data-align=\"center\">01.10.2023 \u2013 31.10.2023<\/td><td class=\"has-text-align-center\" data-align=\"center\">Do 31.12.2023<\/td><\/tr><\/tbody><\/table><\/figure>\n","protected":false},"excerpt":{"rendered":"<p>Termin z\u0142o\u017cenia wniosku Wyp\u0142ata \u015bwiadcze\u0144 01.07.2023 \u2013 31.07.2023 Wy\u0142\u0105cznie wnioski elektroniczne Do 30.11.2023 01.08.2023 \u2013 31.08.2023 Do 30.11.2023 01.09.2023 \u2013 31.10.2023 Do 31.12.2023 01.11.2023 \u2013 31.12.2023 Do 28.02.2024 Termin z\u0142o\u017cenia wniosku Wyp\u0142ata \u015bwiadcze\u0144 01.07.2023 \u2013 31.07.2023 Wy\u0142\u0105cznie wnioski elektroniczne Do 31.10.2023 01.08.2023 \u2013 31.08.2023 Do 31.10.2023 01.09.2023 \u2013 30.09.2023 Do 30.11.2023 01.10.2023 \u2013 31.10.2023 Do [&hellip;]<\/p>\n","protected":false},"author":1,"featured_media":0,"parent":0,"menu_order":0,"comment_status":"closed","ping_status":"closed","template":"","meta":{"footnotes":""},"class_list":["post-39","page","type-page","status-publish","hentry"],"_links":{"self":[{"href":"https:\/\/gops.suwalki.pl\/index.php?rest_route=\/wp\/v2\/pages\/39","targetHints":{"allow":["GET"]}}],"collection":[{"href":"https:\/\/gops.suwalki.pl\/index.php?rest_route=\/wp\/v2\/pages"}],"about":[{"href":"https:\/\/gops.suwalki.pl\/index.php?rest_route=\/wp\/v2\/types\/page"}],"author":[{"embeddable":true,"href":"https:\/\/gops.suwalki.pl\/index.php?rest_route=\/wp\/v2\/users\/1"}],"replies":[{"embeddable":true,"href":"https:\/\/gops.suwalki.pl\/index.php?rest_route=%2Fwp%2Fv2%2Fcomments&post=39"}],"version-history":[{"count":2,"href":"https:\/\/gops.suwalki.pl\/index.php?rest_route=\/wp\/v2\/pages\/39\/revisions"}],"predecessor-version":[{"id":155,"href":"https:\/\/gops.suwalki.pl\/index.php?rest_route=\/wp\/v2\/pages\/39\/revisions\/155"}],"wp:attachment":[{"href":"https:\/\/gops.suwalki.pl\/index.php?rest_route=%2Fwp%2Fv2%2Fmedia&parent=39"}],"curies":[{"name":"wp","href":"https:\/\/api.w.org\/{rel}","templated":true}]}}