{"id":45,"date":"2025-10-06T20:20:33","date_gmt":"2025-10-06T20:20:33","guid":{"rendered":"https:\/\/gops.suwalki.pl\/?page_id=45"},"modified":"2025-12-18T21:05:09","modified_gmt":"2025-12-18T21:05:09","slug":"karta-duzej-rodziny-gminy-suwalki","status":"publish","type":"page","link":"https:\/\/gops.suwalki.pl\/?page_id=45","title":{"rendered":"Karta Du\u017cej Rodziny Gminy Suwa\u0142ki"},"content":{"rendered":"\n<p><strong>Gminny O\u015brodek Pomocy Spo\u0142ecznej w Suwa\u0142kach ul. \u015awierkowa 45,<\/strong><\/p>\n\n\n\n<h3 class=\"wp-block-heading\"><strong>godziny pracy urz\u0119du:&nbsp;<small><strong>poniedzia\u0142ek \u2013 8:00 \u2013 16:00<\/strong>&nbsp;,&nbsp;&nbsp;<strong>wtorek \u2013 pi\u0105tek \u2013 7.30 \u2013 15.30<\/strong><\/small><\/strong><\/h3>\n\n\n\n<p><strong>sk\u0142adanie wniosk\u00f3w \u2013 pok\u00f3j nr 22, informacja tel. 87&nbsp;565 93 47<\/strong><\/p>\n\n\n\n<p>Program \u201eKarty Du\u017cej Rodziny Gminy Suwa\u0142ki\u201d polega na przyznaniu rodzinom wielodzietnym, maj\u0105cym miejsce zamieszkania na terenie Gminy Suwa\u0142ki, ulg na bilet wst\u0119pu na basen rekreacyjno- sportowy w wysoko\u015bci 30 %, liczonej od cen bilet\u00f3w normalnych w Aquaparku O\u015brodka Sportu i Rekreacji w Suwa\u0142kach.<\/p>\n\n\n\n<figure class=\"wp-block-image\"><img decoding=\"async\" src=\"https:\/\/web.archive.org\/web\/20241207031836im_\/http:\/\/www.gops.suwalki.pl\/container\/kdrgs.jpg\" alt=\"\"\/><\/figure>\n\n\n\n<p>Szczeg\u00f3\u0142y na stronie :&nbsp;<img loading=\"lazy\" decoding=\"async\" src=\"https:\/\/web.archive.org\/web\/20241207031836im_\/http:\/\/www.gops.suwalki.pl\/container\/logo-aquapark.png\" alt=\"\" width=\"198\" height=\"75\">&nbsp;<strong><a href=\"https:\/\/web.archive.org\/web\/20241207031836\/http:\/\/aquapark.suwalki.pl\/2018\/02\/16\/karta-duzej-rodziny-gminy-suwalki\/\">http:\/\/aquapark.suwalki.pl<\/a><\/strong><\/p>\n\n\n\n<div data-wp-interactive=\"core\/file\" class=\"wp-block-file\"><object data-wp-bind--hidden=\"!state.hasPdfPreview\" hidden class=\"wp-block-file__embed\" data=\"https:\/\/gops.suwalki.pl\/wp-content\/uploads\/2025\/12\/wniosek-o-wydanie-karty-2.pdf\" type=\"application\/pdf\" style=\"width:100%;height:600px\" aria-label=\"Osadzone z wniosek-o-wydanie-karty.\"><\/object><a id=\"wp-block-file--media-3da3e041-82be-4cc1-9193-bdaa97a4b00b\" href=\"https:\/\/gops.suwalki.pl\/wp-content\/uploads\/2025\/12\/wniosek-o-wydanie-karty-2.pdf\">wniosek-o-wydanie-karty<\/a><a href=\"https:\/\/gops.suwalki.pl\/wp-content\/uploads\/2025\/12\/wniosek-o-wydanie-karty-2.pdf\" class=\"wp-block-file__button wp-element-button\" download aria-describedby=\"wp-block-file--media-3da3e041-82be-4cc1-9193-bdaa97a4b00b\">Pobierz<\/a><\/div>\n\n\n\n<div data-wp-interactive=\"core\/file\" class=\"wp-block-file\"><object data-wp-bind--hidden=\"!state.hasPdfPreview\" hidden class=\"wp-block-file__embed\" data=\"https:\/\/gops.suwalki.pl\/wp-content\/uploads\/2025\/12\/oswiadczenia-dotyczace-wladzy-rodzicielskiej-gminna-karta-1.pdf\" type=\"application\/pdf\" style=\"width:100%;height:600px\" aria-label=\"Osadzone z oswiadczenia-dotyczace-wladzy-rodzicielskiej-gminna karta.\"><\/object><a id=\"wp-block-file--media-0aff0fd9-9596-41ee-b48a-d8758dc04f28\" href=\"https:\/\/gops.suwalki.pl\/wp-content\/uploads\/2025\/12\/oswiadczenia-dotyczace-wladzy-rodzicielskiej-gminna-karta-1.pdf\">oswiadczenia-dotyczace-wladzy-rodzicielskiej-gminna karta<\/a><a href=\"https:\/\/gops.suwalki.pl\/wp-content\/uploads\/2025\/12\/oswiadczenia-dotyczace-wladzy-rodzicielskiej-gminna-karta-1.pdf\" class=\"wp-block-file__button wp-element-button\" download aria-describedby=\"wp-block-file--media-0aff0fd9-9596-41ee-b48a-d8758dc04f28\">Pobierz<\/a><\/div>\n\n\n\n<div data-wp-interactive=\"core\/file\" class=\"wp-block-file\"><object data-wp-bind--hidden=\"!state.hasPdfPreview\" hidden class=\"wp-block-file__embed\" data=\"https:\/\/gops.suwalki.pl\/wp-content\/uploads\/2025\/12\/KLAUZULA-INFORMACYJNA-Gminna-karta-1.pdf\" type=\"application\/pdf\" style=\"width:100%;height:600px\" aria-label=\"Osadzone z KLAUZULA-INFORMACYJNA-Gminna karta.\"><\/object><a id=\"wp-block-file--media-b1c0e3fe-0947-492a-86b3-0449a6413334\" href=\"https:\/\/gops.suwalki.pl\/wp-content\/uploads\/2025\/12\/KLAUZULA-INFORMACYJNA-Gminna-karta-1.pdf\">KLAUZULA-INFORMACYJNA-Gminna karta<\/a><a href=\"https:\/\/gops.suwalki.pl\/wp-content\/uploads\/2025\/12\/KLAUZULA-INFORMACYJNA-Gminna-karta-1.pdf\" class=\"wp-block-file__button wp-element-button\" download aria-describedby=\"wp-block-file--media-b1c0e3fe-0947-492a-86b3-0449a6413334\">Pobierz<\/a><\/div>\n\n\n\n<div data-wp-interactive=\"core\/file\" class=\"wp-block-file\"><object data-wp-bind--hidden=\"!state.hasPdfPreview\" hidden class=\"wp-block-file__embed\" data=\"https:\/\/gops.suwalki.pl\/wp-content\/uploads\/2025\/12\/Nr-XXXVIII-326-17-1.pdf\" type=\"application\/pdf\" style=\"width:100%;height:600px\" aria-label=\"Osadzone z Nr-XXXVIII-326-17.\"><\/object><a id=\"wp-block-file--media-96c5c510-ab7c-4c10-9854-00387efd1376\" href=\"https:\/\/gops.suwalki.pl\/wp-content\/uploads\/2025\/12\/Nr-XXXVIII-326-17-1.pdf\">Nr-XXXVIII-326-17<\/a><a href=\"https:\/\/gops.suwalki.pl\/wp-content\/uploads\/2025\/12\/Nr-XXXVIII-326-17-1.pdf\" class=\"wp-block-file__button wp-element-button\" download aria-describedby=\"wp-block-file--media-96c5c510-ab7c-4c10-9854-00387efd1376\">Pobierz<\/a><\/div>\n","protected":false},"excerpt":{"rendered":"<p>Gminny O\u015brodek Pomocy Spo\u0142ecznej w Suwa\u0142kach ul. \u015awierkowa 45, godziny pracy urz\u0119du:&nbsp;poniedzia\u0142ek \u2013 8:00 \u2013 16:00&nbsp;,&nbsp;&nbsp;wtorek \u2013 pi\u0105tek \u2013 7.30 \u2013 15.30 sk\u0142adanie wniosk\u00f3w \u2013 pok\u00f3j nr 22, informacja tel. 87&nbsp;565 93 47 Program \u201eKarty Du\u017cej Rodziny Gminy Suwa\u0142ki\u201d polega na przyznaniu rodzinom wielodzietnym, maj\u0105cym miejsce zamieszkania na terenie Gminy Suwa\u0142ki, ulg na bilet wst\u0119pu [&hellip;]<\/p>\n","protected":false},"author":1,"featured_media":0,"parent":0,"menu_order":0,"comment_status":"closed","ping_status":"closed","template":"","meta":{"footnotes":""},"class_list":["post-45","page","type-page","status-publish","hentry"],"_links":{"self":[{"href":"https:\/\/gops.suwalki.pl\/index.php?rest_route=\/wp\/v2\/pages\/45","targetHints":{"allow":["GET"]}}],"collection":[{"href":"https:\/\/gops.suwalki.pl\/index.php?rest_route=\/wp\/v2\/pages"}],"about":[{"href":"https:\/\/gops.suwalki.pl\/index.php?rest_route=\/wp\/v2\/types\/page"}],"author":[{"embeddable":true,"href":"https:\/\/gops.suwalki.pl\/index.php?rest_route=\/wp\/v2\/users\/1"}],"replies":[{"embeddable":true,"href":"https:\/\/gops.suwalki.pl\/index.php?rest_route=%2Fwp%2Fv2%2Fcomments&post=45"}],"version-history":[{"count":2,"href":"https:\/\/gops.suwalki.pl\/index.php?rest_route=\/wp\/v2\/pages\/45\/revisions"}],"predecessor-version":[{"id":170,"href":"https:\/\/gops.suwalki.pl\/index.php?rest_route=\/wp\/v2\/pages\/45\/revisions\/170"}],"wp:attachment":[{"href":"https:\/\/gops.suwalki.pl\/index.php?rest_route=%2Fwp%2Fv2%2Fmedia&parent=45"}],"curies":[{"name":"wp","href":"https:\/\/api.w.org\/{rel}","templated":true}]}}