{"id":47,"date":"2025-10-06T20:20:53","date_gmt":"2025-10-06T20:20:53","guid":{"rendered":"https:\/\/gops.suwalki.pl\/?page_id=47"},"modified":"2025-12-18T21:10:27","modified_gmt":"2025-12-18T21:10:27","slug":"karta-duzej-rodziny","status":"publish","type":"page","link":"https:\/\/gops.suwalki.pl\/?page_id=47","title":{"rendered":"Karta Du\u017cej Rodziny"},"content":{"rendered":"\n<p><strong>Karta Du\u017cej Rodziny w aplikacji mObywatel<\/strong><\/p>\n\n\n\n<p>Ka\u017cdy posiadacz aktywnej karty (niezale\u017cnie od tego czy jest to karta plastikowa, elektroniczna, czy &nbsp;obie formy karty) mo\u017ce wy\u015bwietli\u0107 w&nbsp;<strong>aplikacji mObywatel .<\/strong><\/p>\n\n\n\n<p><strong>Aplikacja mObywatel jest dost\u0119pna stronie <\/strong><a href=\"https:\/\/web.archive.org\/web\/20241109175136\/http:\/\/www.gov.pl\/\">www.gov.pl<\/a><strong>.&nbsp;<\/strong><\/p>\n\n\n\n<p><strong>Gminny O\u015brodek Pomocy Spo\u0142ecznej w Suwa\u0142kach ul. \u015awierkowa 45,<\/strong><\/p>\n\n\n\n<p><strong>godziny pracy urz\u0119du:&nbsp;poniedzia\u0142ek &#8211; 8:00 &#8211; 16:00&nbsp;,&nbsp;&nbsp;wtorek &#8211; pi\u0105tek &#8211; 7.30 &#8211; 15.30<\/strong><\/p>\n\n\n\n<p><strong>sk\u0142adanie wniosk\u00f3w &#8211; pok\u00f3j nr 22, informacja tel. 87&nbsp;565 93 47<\/strong><\/p>\n\n\n\n<p>Co to jest Karta Du\u017cej Rodziny?<\/p>\n\n\n\n<p>Karta Du\u017cej Rodziny to system zni\u017cek i dodatkowych uprawnie\u0144&nbsp; zar\u00f3wno&nbsp; w instytucjach publicznych, jak i w firmach prywatnych. Jej posiadacze maj\u0105 mo\u017cliwo\u015b\u0107 ta\u0144szego korzystania z oferty instytucji kultury, o\u015brodk\u00f3w rekreacyjnych czy ksi\u0119garni na terenie ca\u0142ego kraju. Posiadanie Karty du\u017cym rodzinom dost\u0119p do rekreacji oraz obni\u017ca koszty codziennego \u017cycia. Karta zosta\u0142a wprowadzona ustaw\u0105 z dnia 5 grudnia 2014 r. o Karcie Du\u017cej Rodziny (z p\u00f3\u017an. zm.),<\/p>\n\n\n\n<p>Komu przys\u0142uguje Karta Du\u017cej Rodziny?<\/p>\n\n\n\n<p>Prawo do posiadania Karty Du\u017cej Rodziny przys\u0142uguje cz\u0142onkowi rodziny wielodzietnej, czyli rodziny w kt\u00f3rej rodzic (rodzice) lub ma\u0142\u017conek rodzica maj\u0105 lub mieli na utrzymaniu \u0142\u0105cznie co najmniej troje dzieci bez wzgl\u0119du na ich wiek. Karta przys\u0142uguje niezale\u017cnie od dochodu. Rodzice mog\u0105 korzysta\u0107 z karty do\u017cywotnio natomiast dzieci z tych rodzin do 18. roku \u017cycia lub do uko\u0144czenia nauki (maksymalnie do osi\u0105gni\u0119cia 25 lat). Wyj\u0105tkiem s\u0105 dzieci powy\u017cej 18. roku \u017cycia z orzeczon\u0105 niepe\u0142nosprawno\u015bci\u0105 w stopniu umiarkowanym lub znacznym&nbsp; &#8211; one mog\u0105 korzysta\u0107 z KDR przez okres wa\u017cno\u015bci orzeczenia.&nbsp; Dotyczy to tak\u017ce rodzin zast\u0119pczych i rodzinnych dom\u00f3w dziecka. Warunki te nale\u017cy spe\u0142nia\u0107 w chwili sk\u0142adania wniosku.<\/p>\n\n\n\n<p>Je\u015bli w chwili sk\u0142adania wniosku rodzic (rodzice) nie maj\u0105 na utrzymaniu co najmniej trojga dzieci spe\u0142niaj\u0105cych wymienione wy\u017cej warunki, Karta Du\u017cej Rodziny przys\u0142uguje jedynie rodzicowi (rodzicom) lub ma\u0142\u017conkowi rodzica.<\/p>\n\n\n\n<p>Wniosek o wydanie karty lub duplikatu<\/p>\n\n\n\n<p>Karta oraz jej duplikat s\u0105 przyznawane i wydawane na wniosek cz\u0142onka rodziny wielodzietnej (nie musi by\u0107 to rodzic). Wniosek o przyznanie Karty lub wydanie jej duplikatu sk\u0142ada si\u0119<br>w gminie w\u0142a\u015bciwej ze wzgl\u0119du na miejsce zamieszkania.<\/p>\n\n\n\n<p>Sk\u0142adaj\u0105c wniosek o przyznanie Karty nale\u017cy przedstawi\u0107:<\/p>\n\n\n\n<ul class=\"wp-block-list\">\n<li>w przypadku rodzica: o\u015bwiadczenie, \u017ce rodzic mia\u0142 lub ma na utrzymaniu co najmniej troje dzieci oraz \u017ce nie mia\u0142\/ nie ma ograniczonej ani nie by\u0142\/nie jest pozbawiony w\u0142adzy rodzicielskiej numery PESEL co najmniej tr\u00f3jki dzieci<\/li>\n\n\n\n<li>w przypadku dzieci w wieku powy\u017cej 18. roku \u017cycia, kt\u00f3re ucz\u0105 si\u0119 w szkole lub szkole wy\u017cszej \u2013 o\u015bwiadczenie o planowanym terminie uko\u0144czenia nauki w danej plac\u00f3wce;<\/li>\n\n\n\n<li>w przypadku dzieci umieszczonych w rodzinie zast\u0119pczej lub rodzinnym domu dziecka \u2013 orygina\u0142 lub odpis postanowienia o umieszczeniu w rodzinie zast\u0119pczej lub rodzinnym domu dziecka;<\/li>\n\n\n\n<li>w przypadku os\u00f3b pe\u0142noletnich przebywaj\u0105cych w dotychczasowej rodzinie zast\u0119pczej albo rodzinnym domu dziecka \u2013 o\u015bwiadczenie o pozostawaniu w dotychczasowej rodzinie zast\u0119pczej lub rodzinnym domu dziecka.<\/li>\n<\/ul>\n\n\n\n<p>Osoby, kt\u00f3re nie posiadaj\u0105 numeru PESEL, powinny z\u0142o\u017cy\u0107 wymienione dokumenty oraz dodatkowo orygina\u0142y lub odpisy dokument\u00f3w potwierdzaj\u0105cych prawo do przyznania Karty,<br>w szczeg\u00f3lno\u015bci:<\/p>\n\n\n\n<ul class=\"wp-block-list\">\n<li>w przypadku rodzica \u2013 dokument potwierdzaj\u0105cy to\u017csamo\u015b\u0107;<\/li>\n\n\n\n<li>w przypadku ma\u0142\u017conka rodzica \u2013 dokument potwierdzaj\u0105cy to\u017csamo\u015b\u0107 oraz akt ma\u0142\u017ce\u0144stwa;<\/li>\n\n\n\n<li>w przypadku dzieci w wieku do uko\u0144czenia 18. roku \u017cycia \u2013 akt urodzenia lub dokument potwierdzaj\u0105cy to\u017csamo\u015b\u0107;<\/li>\n\n\n\n<li>w przypadku dzieci w wieku powy\u017cej 18. roku \u017cycia \u2013 dokument potwierdzaj\u0105cy to\u017csamo\u015b\u0107;<\/li>\n\n\n\n<li>w przypadku dzieci legitymuj\u0105cych si\u0119 orzeczeniem o umiarkowanym albo znacznym stopniu niepe\u0142nosprawno\u015bci w wieku powy\u017cej 18. roku \u017cycia \u2013 dokument potwierdzaj\u0105cy to\u017csamo\u015b\u0107;<\/li>\n\n\n\n<li>w przypadku cudzoziemc\u00f3w maj\u0105cych miejsce zamieszkania na terytorium Rzeczypospolitej Polskiej, poza dokumentami wymienionymi powy\u017cej, okazuje si\u0119 dokument potwierdzaj\u0105cy prawo do zamieszkiwania na terytorium Rzeczypospolitej Polskiej.<\/li>\n<\/ul>\n\n\n\n<p>Zagubienie Karty Du\u017cej Rodziny<\/p>\n\n\n\n<p>W przypadku utraty Karty Du\u017cej Rodziny nale\u017cy z\u0142o\u017cy\u0107 wniosek o wydanie duplikatu karty (taki sam wniosek jak o wydanie karty) i do\u0142\u0105czy\u0107 do niego o\u015bwiadczenie do duplikatu oraz potwierdzenie dokonania wp\u0142aty za wydanie duplikatu.<\/p>\n\n\n\n<p>Od 9 czerwca 2021 roku op\u0142ata za duplikat i za dom\u00f3wienie tradycyjnej formy Karty wynosi 10,00 z\u0142.<\/p>\n\n\n\n<p>Wp\u0142aty mo\u017cna dokona\u0107 przelewem na konto Gminnego O\u015brodka Pomocy Spo\u0142ecznej<br>w Suwa\u0142kach na nr 21 1240 5891 1111 0000 5750 8641. W tytule przelewu nale\u017cy wpisa\u0107: Op\u0142ata za wydanie duplikatu Karty Du\u017cej Rodziny lub op\u0142ata za zam\u00f3wienie dodatkowej formy Karty Du\u017cej Rodziny.<\/p>\n\n\n\n<p>Wersja elektroniczna w aplikacji mObywatel<\/p>\n\n\n\n<p>Od 9 czerwca 2021 r. ka\u017cdy posiadacz Karty Du\u017cej Rodziny \u2013 niezale\u017cnie od tego, czy do tej pory mia\u0142 j\u0105 w wersji tradycyjnej, elektronicznej, czy obu \u2013 mo\u017ce z niej korzysta\u0107 dzi\u0119ki aplikacji <strong>mObywatel<\/strong>. Osoby posiadaj\u0105ce wy\u0142\u0105cznie Karty tradycyjne nie musz\u0105 wnioskowa\u0107 o dom\u00f3wienie elektronicznej formy i p\u0142aci\u0107 za to.<\/p>\n\n\n\n<p><\/p>\n\n\n\n<h3 class=\"wp-block-heading\">Pliki do pobrania<\/h3>\n\n\n\n<div data-wp-interactive=\"core\/file\" class=\"wp-block-file\"><object data-wp-bind--hidden=\"!state.hasPdfPreview\" hidden class=\"wp-block-file__embed\" data=\"https:\/\/gops.suwalki.pl\/wp-content\/uploads\/2025\/12\/Oswiadczenie-o-pozostawaniu-w-dotychczasowej-rodzinie-zastepczej-lub-odzinnym-domu-dziecka-ZKDR-02.pdf\" type=\"application\/pdf\" style=\"width:100%;height:600px\" aria-label=\"Osadzone z Oswiadczenie o pozostawaniu w dotychczasowej rodzinie zastepczej lub odzinnym domu dziecka ZKDR-02.\"><\/object><a id=\"wp-block-file--media-d41e1473-cd2b-4769-9b36-291fbd25efc9\" href=\"https:\/\/gops.suwalki.pl\/wp-content\/uploads\/2025\/12\/Oswiadczenie-o-pozostawaniu-w-dotychczasowej-rodzinie-zastepczej-lub-odzinnym-domu-dziecka-ZKDR-02.pdf\">Oswiadczenie o pozostawaniu w dotychczasowej rodzinie zastepczej lub odzinnym domu dziecka ZKDR-02<\/a><a href=\"https:\/\/gops.suwalki.pl\/wp-content\/uploads\/2025\/12\/Oswiadczenie-o-pozostawaniu-w-dotychczasowej-rodzinie-zastepczej-lub-odzinnym-domu-dziecka-ZKDR-02.pdf\" class=\"wp-block-file__button wp-element-button\" download aria-describedby=\"wp-block-file--media-d41e1473-cd2b-4769-9b36-291fbd25efc9\">Pobierz<\/a><\/div>\n\n\n\n<div data-wp-interactive=\"core\/file\" class=\"wp-block-file\"><object data-wp-bind--hidden=\"!state.hasPdfPreview\" hidden class=\"wp-block-file__embed\" data=\"https:\/\/gops.suwalki.pl\/wp-content\/uploads\/2025\/12\/Oswiadczenie-o-planowanym-terminie-ukonczenia-nauki-w-szkole-lub-szkole-wyzszej-ZKDR-01.pdf\" type=\"application\/pdf\" style=\"width:100%;height:600px\" aria-label=\"Osadzone z Oswiadczenie o planowanym terminie ukonczenia nauki w szkole lub szkole wyzszej ZKDR-01.\"><\/object><a id=\"wp-block-file--media-eda351a7-924a-4838-b55b-38fe7f24dd12\" href=\"https:\/\/gops.suwalki.pl\/wp-content\/uploads\/2025\/12\/Oswiadczenie-o-planowanym-terminie-ukonczenia-nauki-w-szkole-lub-szkole-wyzszej-ZKDR-01.pdf\">Oswiadczenie o planowanym terminie ukonczenia nauki w szkole lub szkole wyzszej ZKDR-01<\/a><a href=\"https:\/\/gops.suwalki.pl\/wp-content\/uploads\/2025\/12\/Oswiadczenie-o-planowanym-terminie-ukonczenia-nauki-w-szkole-lub-szkole-wyzszej-ZKDR-01.pdf\" class=\"wp-block-file__button wp-element-button\" download aria-describedby=\"wp-block-file--media-eda351a7-924a-4838-b55b-38fe7f24dd12\">Pobierz<\/a><\/div>\n\n\n\n<div data-wp-interactive=\"core\/file\" class=\"wp-block-file\"><object data-wp-bind--hidden=\"!state.hasPdfPreview\" hidden class=\"wp-block-file__embed\" data=\"https:\/\/gops.suwalki.pl\/wp-content\/uploads\/2025\/12\/Oswiadczenie-dotyczace-wladzy-rodzicielskiej-ZKDR-03.pdf\" type=\"application\/pdf\" style=\"width:100%;height:600px\" aria-label=\"Osadzone z Oswiadczenie dotyczace wladzy rodzicielskiej ZKDR-03.\"><\/object><a id=\"wp-block-file--media-deea7636-208f-4126-b29a-fa5a6d299e28\" href=\"https:\/\/gops.suwalki.pl\/wp-content\/uploads\/2025\/12\/Oswiadczenie-dotyczace-wladzy-rodzicielskiej-ZKDR-03.pdf\">Oswiadczenie dotyczace wladzy rodzicielskiej ZKDR-03<\/a><a href=\"https:\/\/gops.suwalki.pl\/wp-content\/uploads\/2025\/12\/Oswiadczenie-dotyczace-wladzy-rodzicielskiej-ZKDR-03.pdf\" class=\"wp-block-file__button wp-element-button\" download aria-describedby=\"wp-block-file--media-deea7636-208f-4126-b29a-fa5a6d299e28\">Pobierz<\/a><\/div>\n\n\n\n<div data-wp-interactive=\"core\/file\" class=\"wp-block-file\"><object data-wp-bind--hidden=\"!state.hasPdfPreview\" hidden class=\"wp-block-file__embed\" data=\"https:\/\/gops.suwalki.pl\/wp-content\/uploads\/2025\/12\/Oswiadczenie-dotyczace-wladzy-rodzicielskiej-ZKDR-03-1.pdf\" type=\"application\/pdf\" style=\"width:100%;height:600px\" aria-label=\"Osadzone z Oswiadczenie dotyczace wladzy rodzicielskiej ZKDR-03.\"><\/object><a id=\"wp-block-file--media-ffbbf914-c1b3-4da1-a94e-e9253f8cc177\" href=\"https:\/\/gops.suwalki.pl\/wp-content\/uploads\/2025\/12\/Oswiadczenie-dotyczace-wladzy-rodzicielskiej-ZKDR-03-1.pdf\">Oswiadczenie dotyczace wladzy rodzicielskiej ZKDR-03<\/a><a href=\"https:\/\/gops.suwalki.pl\/wp-content\/uploads\/2025\/12\/Oswiadczenie-dotyczace-wladzy-rodzicielskiej-ZKDR-03-1.pdf\" class=\"wp-block-file__button wp-element-button\" download aria-describedby=\"wp-block-file--media-ffbbf914-c1b3-4da1-a94e-e9253f8cc177\">Pobierz<\/a><\/div>\n\n\n\n<div data-wp-interactive=\"core\/file\" class=\"wp-block-file\"><object data-wp-bind--hidden=\"!state.hasPdfPreview\" hidden class=\"wp-block-file__embed\" data=\"https:\/\/gops.suwalki.pl\/wp-content\/uploads\/2025\/12\/Wniosek-o-przyznanie-Karty-Duzej-Rodziny-lub-wydanie-duplikatu.pdf\" type=\"application\/pdf\" style=\"width:100%;height:600px\" aria-label=\"Osadzone z Wniosek o przyznanie Karty Duzej Rodziny lub wydanie duplikatu.\"><\/object><a id=\"wp-block-file--media-ccbdf521-1363-4c4f-946a-105574d8f0c9\" href=\"https:\/\/gops.suwalki.pl\/wp-content\/uploads\/2025\/12\/Wniosek-o-przyznanie-Karty-Duzej-Rodziny-lub-wydanie-duplikatu.pdf\">Wniosek o przyznanie Karty Duzej Rodziny lub wydanie duplikatu<\/a><a href=\"https:\/\/gops.suwalki.pl\/wp-content\/uploads\/2025\/12\/Wniosek-o-przyznanie-Karty-Duzej-Rodziny-lub-wydanie-duplikatu.pdf\" class=\"wp-block-file__button wp-element-button\" download aria-describedby=\"wp-block-file--media-ccbdf521-1363-4c4f-946a-105574d8f0c9\">Pobierz<\/a><\/div>\n","protected":false},"excerpt":{"rendered":"<p>Karta Du\u017cej Rodziny w aplikacji mObywatel Ka\u017cdy posiadacz aktywnej karty (niezale\u017cnie od tego czy jest to karta plastikowa, elektroniczna, czy &nbsp;obie formy karty) mo\u017ce wy\u015bwietli\u0107 w&nbsp;aplikacji mObywatel . Aplikacja mObywatel jest dost\u0119pna stronie www.gov.pl.&nbsp; Gminny O\u015brodek Pomocy Spo\u0142ecznej w Suwa\u0142kach ul. \u015awierkowa 45, godziny pracy urz\u0119du:&nbsp;poniedzia\u0142ek &#8211; 8:00 &#8211; 16:00&nbsp;,&nbsp;&nbsp;wtorek &#8211; pi\u0105tek &#8211; 7.30 &#8211; [&hellip;]<\/p>\n","protected":false},"author":1,"featured_media":0,"parent":0,"menu_order":0,"comment_status":"closed","ping_status":"closed","template":"","meta":{"footnotes":""},"class_list":["post-47","page","type-page","status-publish","hentry"],"_links":{"self":[{"href":"https:\/\/gops.suwalki.pl\/index.php?rest_route=\/wp\/v2\/pages\/47","targetHints":{"allow":["GET"]}}],"collection":[{"href":"https:\/\/gops.suwalki.pl\/index.php?rest_route=\/wp\/v2\/pages"}],"about":[{"href":"https:\/\/gops.suwalki.pl\/index.php?rest_route=\/wp\/v2\/types\/page"}],"author":[{"embeddable":true,"href":"https:\/\/gops.suwalki.pl\/index.php?rest_route=\/wp\/v2\/users\/1"}],"replies":[{"embeddable":true,"href":"https:\/\/gops.suwalki.pl\/index.php?rest_route=%2Fwp%2Fv2%2Fcomments&post=47"}],"version-history":[{"count":5,"href":"https:\/\/gops.suwalki.pl\/index.php?rest_route=\/wp\/v2\/pages\/47\/revisions"}],"predecessor-version":[{"id":177,"href":"https:\/\/gops.suwalki.pl\/index.php?rest_route=\/wp\/v2\/pages\/47\/revisions\/177"}],"wp:attachment":[{"href":"https:\/\/gops.suwalki.pl\/index.php?rest_route=%2Fwp%2Fv2%2Fmedia&parent=47"}],"curies":[{"name":"wp","href":"https:\/\/api.w.org\/{rel}","templated":true}]}}