{"id":49,"date":"2025-10-06T20:21:10","date_gmt":"2025-10-06T20:21:10","guid":{"rendered":"https:\/\/gops.suwalki.pl\/?page_id=49"},"modified":"2025-12-16T19:27:24","modified_gmt":"2025-12-16T19:27:24","slug":"swiadczenia-rodzinne","status":"publish","type":"page","link":"https:\/\/gops.suwalki.pl\/?page_id=49","title":{"rendered":"\u015awiadczenia rodzinne"},"content":{"rendered":"\n<p><strong><em>Zasi\u0142ek rodzinny i dodatki do zasi\u0142ku rodzinnego<\/em><\/strong><\/p>\n\n\n\n<p><strong><em>PODSTAWA PRAWNA<\/em><\/strong>: Ustawa z dnia 28 listopada 2003 r. o \u015bwiadczeniach rodzinnych ( Dz. U. z 2025 r. poz.&nbsp; 1208)<\/p>\n\n\n\n<p>Zasi\u0142ek rodzinny ma na celu cz\u0119\u015bciowe pokrycie wydatk\u00f3w na utrzymanie dziecka,<\/p>\n\n\n\n<p><strong>Zasi\u0142ek rodzinny wraz z dodatkami do tego zasi\u0142ku przys\u0142uguje:<\/strong><\/p>\n\n\n\n<ol start=\"1\" class=\"wp-block-list\">\n<li>rodzicom, jednemu z rodzic\u00f3w albo opiekunowi prawnemu dziecka;<\/li>\n\n\n\n<li>opiekunowi faktycznemu dziecka;<\/li>\n\n\n\n<li>osobie ucz\u0105cej si\u0119.<\/li>\n<\/ol>\n\n\n\n<p>Zasi\u0142ek rodzinny przys\u0142uguje osobom, o kt\u00f3rych mowa wy\u017cej, je\u017celi przeci\u0119tny miesi\u0119czny doch\u00f3d cz\u0142onk\u00f3w rodziny osi\u0105gni\u0119ty w roku kalendarzowym poprzedzaj\u0105cym okres zasi\u0142kowy po uwzgl\u0119dnieniu dochodu uzyskanego i dochodu utraconego (art. 5 ust. 4-4b ustawa z dnia 28 listopada 2003 r. ( Dz. U. z 2025 r. poz.&nbsp; 1208 w przeliczeniu na osob\u0119 albo doch\u00f3d osoby ucz\u0105cej si\u0119 nie przekracza kwoty <strong>674,00<\/strong> <strong>z\u0142. <\/strong>W przypadku gdy cz\u0142onkiem rodziny jest dziecko legitymuj\u0105ce si\u0119 orzeczeniem o niepe\u0142nosprawno\u015bci lub orzeczeniem o umiarkowanym albo znacznym stopniu niepe\u0142nosprawno\u015bci, zasi\u0142ek rodzinny przys\u0142uguje, je\u017celi doch\u00f3d rodziny w przeliczeniu na osob\u0119 albo doch\u00f3d osoby ucz\u0105cej si\u0119 nie przekracza kwoty <strong>764,00 z\u0142<\/strong>,<\/p>\n\n\n\n<p><strong><em>Wysoko\u015bci zasi\u0142ku rodzinnego oraz dodatk\u00f3w do zasi\u0142ku rodzinnego w okresie zasi\u0142kowym od 01.11.2025 r. do 31.10.2026 r.<\/em><\/strong><strong><em><\/em><\/strong><\/p>\n\n\n\n<ol start=\"1\" class=\"wp-block-list\">\n<li>Wysoko\u015b\u0107 zasi\u0142ku rodzinnego wynosi miesi\u0119cznie:\n<ul class=\"wp-block-list\">\n<li>95,00 z\u0142 na dziecko w wieku do uko\u0144czenia 5 roku \u017cycia;<\/li>\n\n\n\n<li>124,00 z\u0142 na dziecko w wieku powy\u017cej 5 roku \u017cycia do uko\u0144czenia 18 roku \u017cycia;<\/li>\n\n\n\n<li>135,00 z\u0142 na dziecko w wieku powy\u017cej 18 roku \u017cycia do uko\u0144czenia 24 roku \u017cycia.<\/li>\n<\/ul>\n<\/li>\n\n\n\n<li>Wysoko\u015b\u0107 dodatku do zasi\u0142ku rodzinnego z tytu\u0142u urodzenia dziecka &#8211; 1.000.00 z\u0142.<\/li>\n\n\n\n<li>Wysoko\u015b\u0107 dodatek do zasi\u0142ku rodzinnego z tytu\u0142u opieki nad dzieckiem w\u00a0 okresie korzystania z urlopu wychowawczego &#8211; 400.00 z\u0142 miesi\u0119cznie.<\/li>\n\n\n\n<li>Wysoko\u015b\u0107 dodatek z tytu\u0142u samotnego wychowywania dziecka:<\/li>\n\n\n\n<li>193.00 z\u0142 miesi\u0119cznie na dziecko, nie wi\u0119cej jednak ni\u017c 386,00 z\u0142 na wszystkie dzieci,<\/li>\n\n\n\n<li>273,00 z\u0142 miesi\u0119cznie na dziecko legitymuj\u0105ce si\u0119 orzeczeniem o niepe\u0142nosprawno\u015bci lub orzeczeniem o znacznym stopniu niepe\u0142nosprawno\u015bci, nie wi\u0119cej jednak ni\u017c 546,00 z\u0142 na wszystkie dzieci.<\/li>\n<\/ol>\n\n\n\n<ol start=\"5\" class=\"wp-block-list\">\n<li>Wysoko\u015b\u0107 dodatku do zasi\u0142ku rodzinnego z tytu\u0142u wychowywania dziecka w rodzinie wielodzietnej wynosi 95,00 z\u0142 miesi\u0119cznie na trzecie i ka\u017cde kolejne dziecko uprawnione do zasi\u0142ku rodzinnego.<\/li>\n\n\n\n<li>Wysoko\u015b\u0107 dodatku do zasi\u0142ku rodzinnego z tytu\u0142u kszta\u0142cenia i rehabilitacji dziecka niepe\u0142nosprawnego wynosi miesi\u0119cznie:<\/li>\n\n\n\n<li>90,00 z\u0142 na dziecko w wieku do uko\u0144czenia 5 roku \u017cycia;<\/li>\n\n\n\n<li>110,00 z\u0142 na dziecko w wieku powy\u017cej 5 roku \u017cycia do uko\u0144czenia 24 roku \u017cycia.<\/li>\n<\/ol>\n\n\n\n<ol start=\"7\" class=\"wp-block-list\">\n<li>Wysoko\u015b\u0107 dodatku do zasi\u0142ku rodzinnego z tytu\u0142u rozpocz\u0119cia roku szkolnego wynosi 100,00 z\u0142 na dziecko.<\/li>\n\n\n\n<li>Wysoko\u015b\u0107 dodatku do zasi\u0142ku rodzinnego z tytu\u0142u podj\u0119cia przez dziecko nauki w szkole poza miejscem zamieszkania wynosi:<\/li>\n\n\n\n<li>113,00 z\u0142 miesi\u0119cznie na dziecko w zwi\u0105zku z zamieszkiwaniem w miejscowo\u015bci, w kt\u00f3rej znajduje si\u0119 siedziba szko\u0142y ponadpodstawowej lub szko\u0142y artystycznej, w kt\u00f3rej realizowany jest obowi\u0105zek szkolny i obowi\u0105zek nauki, a tak\u017ce szko\u0142y podstawowej w przypadku dziecka lub osoby ucz\u0105cej si\u0119, legitymuj\u0105cej si\u0119 orzeczeniem o niepe\u0142nosprawno\u015bci lub o stopniu niepe\u0142nosprawno\u015bci;<\/li>\n\n\n\n<li>69,00 z\u0142 miesi\u0119cznie na dziecko w zwi\u0105zku z dojazdem z miejsca zamieszkania do miejscowo\u015bci, w kt\u00f3rej znajduje si\u0119 siedziba szko\u0142y, w przypadku dojazdu do szko\u0142y ponadpodstawowej, a tak\u017ce szko\u0142y artystycznej, w kt\u00f3rej realizowany jest obowi\u0105zek szkolny i obowi\u0105zek nauki w zakresie odpowiadaj\u0105cym nauce w szkole ponadpodstawowej.<\/li>\n<\/ol>\n\n\n\n<p><strong><em>Jednorazowa zapomoga z tytu\u0142u urodzenia si\u0119 dziecka<\/em><\/strong><\/p>\n\n\n\n<p><strong><em>PODSTAWA PRAWNA<\/em><\/strong>: Ustawa z dnia 28 listopada 2003 r. o \u015bwiadczeniach rodzinnych ( Dz. U. z 2025 r. poz. 1208)<\/p>\n\n\n\n<p>Z tytu\u0142u urodzenia si\u0119 \u017cywego dziecka przys\u0142uguje jednorazowa zapomoga z tytu\u0142u urodzenia si\u0119 dziecka w wysoko\u015bci 1.000,00 z\u0142 na jedno dziecko. Zapomoga przys\u0142uguje matce lub ojcu dziecka, opiekunowi prawnemu albo opiekunowi faktycznemu dziecka, je\u017celi &nbsp;przeci\u0119tny miesi\u0119czny doch\u00f3d cz\u0142onk\u00f3w rodziny osi\u0105gni\u0119ty w roku kalendarzowym poprzedzaj\u0105cym okres zasi\u0142kowy po uwzgl\u0119dnieniu dochodu uzyskanego i dochodu utraconego (art. 5 ust. 4-4b ustawa z dnia 28 listopada 2003 r. o \u015bwiadczeniach rodzinnych ( Dz. U. z 2025 r. poz. 1208)) w przeliczeniu na osob\u0119 nie przekracza kwoty <strong>1.922,00 z\u0142.<\/strong><\/p>\n\n\n\n<p>Jednorazowe \u015bwiadczenie przys\u0142ugiwa\u0107 b\u0119dzie tylko w sytuacji, gdy matka dziecka&nbsp; pozostawa\u0142a pod opiek\u0105 medyczn\u0105 nie p\u00f3\u017aniej ni\u017c od 10 tygodnia ci\u0105\u017cy do dnia porodu. Fakt ten nale\u017cy potwierdzi\u0107 odpowiednim za\u015bwiadczeniem lekarskim lub za\u015bwiadczeniem wystawionym przez po\u0142o\u017cn\u0105. Wz\u00f3r tego za\u015bwiadczenia okre\u015blony jest w rozporz\u0105dzeniu Ministra Zdrowia z dnia 14 wrze\u015bnia 2010 r. w sprawie formy opieki medycznej nad kobieta w ci\u0105\u017cy, uprawniaj\u0105cej do dodatku z tytu\u0142u urodzenia dziecka oraz wzoru za\u015bwiadczenia potwierdzaj\u0105cego pozostawanie pod ta opiek\u0105 (Dz. U. z 2021 r., poz. 199). Wym\u00f3g legitymowania si\u0119 za\u015bwiadczeniem o pozostawaniu pod opiek\u0105 medyczn\u0105 nie p\u00f3\u017aniej ni\u017c od 10 tygodnia ci\u0105\u017cy do dnia porodu, nie dotyczy opiekuna prawnego, opiekuna faktycznego i osoby, kt\u00f3ra przysposobi\u0142a dziecko.<\/p>\n\n\n\n<p><strong><em>Zasi\u0142ek piel\u0119gnacyjny<\/em><\/strong><\/p>\n\n\n\n<p><strong><em>PODSTAWA PRAWNA<\/em><\/strong>: Ustawa z dnia 28 listopada 2003 r. o \u015bwiadczeniach rodzinnych ( Dz. U. z 2025 r. poz. 1208)<\/p>\n\n\n\n<p>Zasi\u0142ek piel\u0119gnacyjny przyznaje si\u0119 w celu cz\u0119\u015bciowego pokrycia wydatk\u00f3w wynikaj\u0105cych z konieczno\u015bci zapewnienia opieki i pomocy innej osoby w zwi\u0105zku z niezdolno\u015bci\u0105 do samodzielnej egzystencji w wysoko\u015bci 215,84 z\u0142 miesi\u0119cznie.<\/p>\n\n\n\n<p><strong>Zasi\u0142ek piel\u0119gnacyjny przys\u0142uguje:<\/strong><\/p>\n\n\n\n<ul class=\"wp-block-list\">\n<li>niepe\u0142nosprawnemu dziecku;<\/li>\n\n\n\n<li>osobie niepe\u0142nosprawnej w wieku powy\u017cej 16 roku \u017cycia, je\u017celi legitymuje si\u0119 orzeczeniem o znacznym stopniu niepe\u0142nosprawno\u015bci;<\/li>\n\n\n\n<li>osobie niepe\u0142nosprawnej w wieku powy\u017cej 16 roku \u017cycia legitymuj\u0105cej si\u0119 orzeczeniem o umiarkowanym stopniu niepe\u0142nosprawno\u015bci, je\u017celi niepe\u0142nosprawno\u015b\u0107 powsta\u0142a w wieku do uko\u0144czenia 21 roku \u017cycia;<\/li>\n\n\n\n<li>osobie, kt\u00f3ra uko\u0144czy\u0142a 75 lat.<\/li>\n<\/ul>\n\n\n\n<p><strong>Zasi\u0142ek piel\u0119gnacyjny nie przys\u0142uguje:<\/strong><\/p>\n\n\n\n<ul class=\"wp-block-list\">\n<li>osobie uprawnionej do dodatku piel\u0119gnacyjnego;<\/li>\n\n\n\n<li>osobie umieszczonej w instytucji zapewniaj\u0105cej nieodp\u0142atnie ca\u0142odobowe utrzymanie;<\/li>\n\n\n\n<li>je\u017celi cz\u0142onkowi rodziny przys\u0142uguje za granic\u0105 \u015bwiadczenie na pokrycie wydatk\u00f3w zwi\u0105zanych z piel\u0119gnacj\u0105 tej osoby, chyba \u017ce przepisy o koordynacji system\u00f3w zabezpieczenia spo\u0142ecznego lub dwustronne umowy o zabezpieczeniu spo\u0142ecznym stanowi\u0105 inaczej.<\/li>\n<\/ul>\n\n\n\n<p><strong><em>\u015awiadczenie piel\u0119gnacyjne<\/em><\/strong><\/p>\n\n\n\n<p><strong><em>PODSTAWA PRAWNA<\/em><\/strong>: Ustawa z dnia 28 listopada 2003 r. o \u015bwiadczeniach rodzinnych ( Dz. U. z 2025 r. poz. 1208)<\/p>\n\n\n\n<p><strong>\u015awiadczenie piel\u0119gnacyjne przys\u0142uguje:<\/strong><\/p>\n\n\n\n<ul class=\"wp-block-list\">\n<li>matce albo ojcu,<\/li>\n\n\n\n<li>innym osobom, na kt\u00f3rych zgodnie z przepisami ustawy z dnia 25 lutego 1964 r. \u2013 Kodeks rodzinny i opieku\u0144czy (Dz. U. z 2023 r. poz. 2809 oraz z 2025 r. poz. 897) ci\u0105\u017cy obowi\u0105zek alimentacyjny, a tak\u017ce ma\u0142\u017conkom,<\/li>\n\n\n\n<li>opiekunowi faktycznemu dziecka,<\/li>\n\n\n\n<li>rodzinie zast\u0119pczej, osobie prowadz\u0105cej rodzinny dom dziecka, dyrektorowi plac\u00f3wki opieku\u0144czo-wychowawczej, dyrektorowi regionalnej plac\u00f3wki opieku\u0144czo-terapeutycznej albo dyrektorowi interwencyjnego o\u015brodka preadopcyjnego<\/li>\n<\/ul>\n\n\n\n<p>&#8211; je\u017celi sprawuj\u0105 opiek\u0119 nad osob\u0105 w wieku do uko\u0144czenia 18. roku \u017cycia legitymuj\u0105c\u0105 si\u0119 orzeczeniem o znacznym stopniu niepe\u0142nosprawno\u015bci albo orzeczeniem o niepe\u0142nosprawno\u015bci \u0142\u0105cznie ze wskazaniami: konieczno\u015bci sta\u0142ej lub d\u0142ugotrwa\u0142ej opieki lub pomocy innej osoby w zwi\u0105zku ze znacznie ograniczon\u0105 mo\u017cliwo\u015bci\u0105 samodzielnej egzystencji oraz konieczno\u015bci sta\u0142ego wsp\u00f3\u0142udzia\u0142u na co dzie\u0144 opiekuna dziecka w procesie jego leczenia, rehabilitacji i edukacji.<\/p>\n\n\n\n<p>\u015awiadczenie piel\u0119gnacyjne przys\u0142uguje w wysoko\u015bci 3287,00 z\u0142 miesi\u0119cznie w okresie od 01.01.2025 r. do 31.12.2025 r. Kwota \u015bwiadczenia piel\u0119gnacyjnego podlega corocznej waloryzacji od dnia 1 stycznia.<\/p>\n\n\n\n<p>Osobom uprawnionym do \u015bwiadczenie piel\u0119gnacyjnego sprawuj\u0105cym opiek\u0119 nad wi\u0119cej ni\u017c jedn\u0105 osob\u0105 w wieku do uko\u0144czenia 18. roku \u017cycia legitymuj\u0105c\u0105 si\u0119 orzeczeniem o znacznym stopniu niepe\u0142nosprawno\u015bci albo orzeczeniem o niepe\u0142nosprawno\u015bci \u0142\u0105cznie ze wskazaniami: konieczno\u015bci sta\u0142ej lub d\u0142ugotrwa\u0142ej opieki lub pomocy innej osoby w zwi\u0105zku ze znacznie ograniczon\u0105 mo\u017cliwo\u015bci\u0105 samodzielnej egzystencji oraz konieczno\u015bci sta\u0142ego wsp\u00f3\u0142udzia\u0142u na co dzie\u0144 opiekuna dziecka w procesie jego leczenia, rehabilitacji i edukacji, wysoko\u015b\u0107 \u015bwiadczenia piel\u0119gnacyjnego, podwy\u017csza si\u0119 o 100 % na drug\u0105 i ka\u017cd\u0105 kolejn\u0105 osob\u0119, nad kt\u00f3r\u0105 sprawowana jest opieka.<\/p>\n\n\n\n<p><strong>\u015awiadczenie piel\u0119gnacyjne nie przys\u0142uguje, je\u017celi:<\/strong><\/p>\n\n\n\n<ul class=\"wp-block-list\">\n<li>osoba sprawuj\u0105ca opiek\u0119 ma ustalone prawo do specjalnego zasi\u0142ku opieku\u0144czego, \u015bwiadczenia piel\u0119gnacyjnego lub zasi\u0142ku dla opiekuna, o kt\u00f3rym mowa w ustawie z dnia 4 kwietnia 2014 r. o ustaleniu i wyp\u0142acie zasi\u0142k\u00f3w dla opiekun\u00f3w,<\/li>\n\n\n\n<li>osoba wymagaj\u0105ca opieki zosta\u0142a umieszczona lub przebywa w domu pomocy spo\u0142ecznej, zak\u0142adzie opieku\u0144czo-leczniczym, zak\u0142adzie piel\u0119gnacyjno-opieku\u0144czym, plac\u00f3wce zapewniaj\u0105cej ca\u0142odobow\u0105 opiek\u0119 osobom niepe\u0142nosprawnym, przewlekle chorym lub osobom w podesz\u0142ym wieku, o kt\u00f3rej mowa w przepisach o pomocy spo\u0142ecznej, zak\u0142adzie karnym, zak\u0142adzie poprawczym, areszcie \u015bledczym albo schronisku dla nieletnich,<\/li>\n\n\n\n<li>osoba wymagaj\u0105ca opieki jest uprawniona za granic\u0105 do \u015bwiadczenia na pokrycie wydatk\u00f3w zwi\u0105zanych z opiek\u0105, chyba \u017ce przepisy o koordynacji system\u00f3w zabezpieczenia spo\u0142ecznego lub dwustronne umowy o zabezpieczeniu spo\u0142ecznym stanowi\u0105 inaczej,<\/li>\n\n\n\n<li>na osob\u0119 wymagaj\u0105c\u0105 opieki inna osoba jest uprawniona za granic\u0105 do \u015bwiadczenia na pokrycie wydatk\u00f3w zwi\u0105zanych z opiek\u0105, chyba \u017ce przepisy o koordynacji system\u00f3w zabezpieczenia spo\u0142ecznego lub dwustronne umowy o zabezpieczeniu spo\u0142ecznym stanowi\u0105 inaczej,<\/li>\n\n\n\n<li>na osob\u0119 wymagaj\u0105c\u0105 opieki jest ustalone prawo do specjalnego zasi\u0142ku opieku\u0144czego, prawo do \u015bwiadczenia piel\u0119gnacyjnego lub prawo do zasi\u0142ku dla opiekuna, o kt\u00f3rym mowa w ustawie z dnia 4 kwietnia 2014 r. o ustaleniu i wyp\u0142acie zasi\u0142k\u00f3w dla opiekun\u00f3w.<\/li>\n<\/ul>\n\n\n\n<p><strong><em>\u015awiadczenie rodzicielskie<\/em><\/strong><\/p>\n\n\n\n<p><strong><em>PODSTAWA PRAWNA<\/em><\/strong>: Ustawa z dnia 28 listopada 2003 r. o \u015bwiadczeniach rodzinnych ( Dz. U. z 2025 r. poz. 1208)<\/p>\n\n\n\n<p>\u015awiadczenie rodzicielskie przys\u0142uguje w przypadku braku uprawnie\u0144 do zasi\u0142ku macierzy\u0144skiego:<\/p>\n\n\n\n<ul class=\"wp-block-list\">\n<li>matce lub ojcu dziecka<\/li>\n\n\n\n<li>opiekunowi faktycznemu dziecka w przypadku obj\u0119cia opiek\u0105 dziecka w wieku do uko\u0144czenia 7 roku \u017cycia, a w przypadku dziecka, wobec kt\u00f3rego podj\u0119to decyzj\u0119 o odroczeniu obowi\u0105zku szkolnego &#8211; do uko\u0144czenia 10 roku \u017cycia;<\/li>\n\n\n\n<li>rodzinie zast\u0119pczej, z wyj\u0105tkiem rodziny zast\u0119pczej zawodowej, w przypadku obj\u0119cia opiek\u0105 dziecka w wieku do uko\u0144czenia 7 roku \u017cycia, a w przypadku dziecka, wobec kt\u00f3rego podj\u0119to decyzj\u0119 o odroczeniu obowi\u0105zku szkolnego &#8211; do uko\u0144czenia 10 roku \u017cycia;<\/li>\n\n\n\n<li>osobie, kt\u00f3ra przysposobi\u0142a dziecko, w przypadku obj\u0119cia opiek\u0105 dziecka w wieku do uko\u0144czenia 7 roku \u017cycia, a w przypadku dziecka, wobec kt\u00f3rego podj\u0119to decyzj\u0119 o odroczeniu obowi\u0105zku szkolnego &#8211; do uko\u0144czenia 10 roku \u017cycia.<\/li>\n<\/ul>\n\n\n\n<p>* \u015awiadczenie rodzicielskie przys\u0142uguje ojcu dziecka w przypadku:<\/p>\n\n\n\n<p>1) skr\u00f3cenia na wniosek matki dziecka okresu pobierania \u015bwiadczenia rodzicielskiego, zasi\u0142ku macierzy\u0144skiego lub uposa\u017cenia za okres ustalony przepisami Kodeksu pracy jako okres urlopu macierzy\u0144skiego, okres urlopu na warunkach urlopu macierzy\u0144skiego lub okres urlopu rodzicielskiego, po wykorzystaniu przez ni\u0105 tego \u015bwiadczenia, zasi\u0142ku lub uposa\u017cenia za okres co najmniej 14 tygodni od dnia urodzenia dziecka;<\/p>\n\n\n\n<p>2) \u015bmierci matki dziecka;<\/p>\n\n\n\n<p>3) porzucenia dziecka przez matk\u0119.<\/p>\n\n\n\n<p>\u015awiadczenie rodzicielskie przys\u0142uguje przez okres:<\/p>\n\n\n\n<ul class=\"wp-block-list\">\n<li>52 tygodni \u2013 w przypadku urodzenia jednego dziecka przy jednym porodzie, przysposobienia jednego dziecka lub obj\u0119cia opiek\u0105 jednego dziecka;<\/li>\n\n\n\n<li>65 tygodni \u2013 w przypadku urodzenia dwojga dzieci przy jednym porodzie, przysposobienia dwojga dzieci lub obj\u0119cia opiek\u0105 dwojga dzieci;<\/li>\n\n\n\n<li>67 tygodni \u2013 w przypadku urodzenia trojga dzieci przy jednym porodzie, przysposobienia trojga dzieci lub obj\u0119cia opiek\u0105 trojga dzieci;<\/li>\n\n\n\n<li>69 tygodni \u2013 w przypadku urodzenia czworga dzieci przy jednym porodzie, przysposobienia czworga dzieci lub obj\u0119cia opiek\u0105 czworga dzieci;<\/li>\n\n\n\n<li>71 tygodni \u2013 w przypadku urodzenia pi\u0119ciorga i wi\u0119cej dzieci przy jednym porodzie, przysposobienia pi\u0119ciorga i wi\u0119cej dzieci lub obj\u0119cia opiek\u0105 pi\u0119ciorga i wi\u0119cej dzieci.<\/li>\n<\/ul>\n\n\n\n<p>W przypadku urodzenia dziecka:<\/p>\n\n\n\n<p>1) przed uko\u0144czeniem 28 tygodnia ci\u0105\u017cy lub z mas\u0105 urodzeniow\u0105 nie wi\u0119ksz\u0105 ni\u017c 1000 g okresy, o kt\u00f3rych mowa w ust. 3, ulegaj\u0105 wyd\u0142u\u017ceniu o tydzie\u0144 za ka\u017cdy tydzie\u0144 pobytu dziecka w szpitalu do up\u0142ywu 15 tygodnia po porodzie;<\/p>\n\n\n\n<p>2) po uko\u0144czeniu 28 tygodnia ci\u0105\u017cy i przed uko\u0144czeniem 37 tygodnia ci\u0105\u017cy i z mas\u0105 urodzeniow\u0105 wi\u0119ksz\u0105 ni\u017c 1000 g okresy, o kt\u00f3rych mowa w ust. 3, ulegaj\u0105 wyd\u0142u\u017ceniu o tydzie\u0144 za ka\u017cdy tydzie\u0144 pobytu dziecka w szpitalu do up\u0142ywu 8. tygodnia po porodzie;<\/p>\n\n\n\n<p>3) po uko\u0144czeniu 37 tygodnia ci\u0105\u017cy i jego pobytu w szpitalu, pod warunkiem \u017ce pobyt dziecka w szpitalu po porodzie b\u0119dzie wynosi\u0142 co najmniej 2 kolejne dni, przy czym pierwszy z tych dni b\u0119dzie przypada\u0142 w okresie od 5 do 28 dnia po porodzie, okresy, o kt\u00f3rych mowa w ust. 3, ulegaj\u0105 wyd\u0142u\u017ceniu o tydzie\u0144 za ka\u017cdy tydzie\u0144 pobytu dziecka w szpitalu w okresie od 5 dnia do up\u0142ywu 8 tygodnia po porodzie.<\/p>\n\n\n\n<p><strong>\u015awiadczenie rodzicielskie przys\u0142uguje bez wzgl\u0119du na doch\u00f3d rodziny.<\/strong><\/p>\n\n\n\n<p><strong>\u0179r\u00f3d\u0142o:<\/strong> Ustawa z dnia 28 listopada 2003 r. o \u015bwiadczeniach rodzinnych ( Dz. U. z 2025 r. poz. 1208) oraz Rozporz\u0105dzenie Rady Ministr\u00f3w z dnia 13 sierpnia 2024 r. w sprawie wysoko\u015bci dochodu rodziny albo dochodu osoby ucz\u0105cej si\u0119 stanowi\u0105cych podstaw\u0119 ubiegania si\u0119 o zasi\u0142ek rodzinny i specjalny zasi\u0142ek opieku\u0144czy, wysoko\u015bci \u015bwiadcze\u0144 rodzinnych oraz wysoko\u015bci zasi\u0142ku dla opiekuna (Dz. U. z 2024 r., poz. 1238)<\/p>\n","protected":false},"excerpt":{"rendered":"<p>Zasi\u0142ek rodzinny i dodatki do zasi\u0142ku rodzinnego PODSTAWA PRAWNA: Ustawa z dnia 28 listopada 2003 r. o \u015bwiadczeniach rodzinnych ( Dz. U. z 2025 r. poz.&nbsp; 1208) Zasi\u0142ek rodzinny ma na celu cz\u0119\u015bciowe pokrycie wydatk\u00f3w na utrzymanie dziecka, Zasi\u0142ek rodzinny wraz z dodatkami do tego zasi\u0142ku przys\u0142uguje: Zasi\u0142ek rodzinny przys\u0142uguje osobom, o kt\u00f3rych mowa wy\u017cej, [&hellip;]<\/p>\n","protected":false},"author":1,"featured_media":0,"parent":0,"menu_order":0,"comment_status":"closed","ping_status":"closed","template":"","meta":{"footnotes":""},"class_list":["post-49","page","type-page","status-publish","hentry"],"_links":{"self":[{"href":"https:\/\/gops.suwalki.pl\/index.php?rest_route=\/wp\/v2\/pages\/49","targetHints":{"allow":["GET"]}}],"collection":[{"href":"https:\/\/gops.suwalki.pl\/index.php?rest_route=\/wp\/v2\/pages"}],"about":[{"href":"https:\/\/gops.suwalki.pl\/index.php?rest_route=\/wp\/v2\/types\/page"}],"author":[{"embeddable":true,"href":"https:\/\/gops.suwalki.pl\/index.php?rest_route=\/wp\/v2\/users\/1"}],"replies":[{"embeddable":true,"href":"https:\/\/gops.suwalki.pl\/index.php?rest_route=%2Fwp%2Fv2%2Fcomments&post=49"}],"version-history":[{"count":2,"href":"https:\/\/gops.suwalki.pl\/index.php?rest_route=\/wp\/v2\/pages\/49\/revisions"}],"predecessor-version":[{"id":147,"href":"https:\/\/gops.suwalki.pl\/index.php?rest_route=\/wp\/v2\/pages\/49\/revisions\/147"}],"wp:attachment":[{"href":"https:\/\/gops.suwalki.pl\/index.php?rest_route=%2Fwp%2Fv2%2Fmedia&parent=49"}],"curies":[{"name":"wp","href":"https:\/\/api.w.org\/{rel}","templated":true}]}}