{"id":51,"date":"2025-10-06T20:21:25","date_gmt":"2025-10-06T20:21:25","guid":{"rendered":"https:\/\/gops.suwalki.pl\/?page_id=51"},"modified":"2025-12-16T19:29:54","modified_gmt":"2025-12-16T19:29:54","slug":"fundusz-alimentacyjny","status":"publish","type":"page","link":"https:\/\/gops.suwalki.pl\/?page_id=51","title":{"rendered":"Fundusz alimentacyjny"},"content":{"rendered":"\n<p><strong>\u015aWIADCZENIA Z FUNDUSZU ALIMENTACYJNEGO<\/strong><\/p>\n\n\n\n<p><strong>Prawo do&nbsp;\u015bwiadcze\u0144 z&nbsp;funduszu alimentacyjnego<\/strong> ustala si\u0119 i&nbsp;wyp\u0142aca na&nbsp;wniosek osoby uprawnionej lub jej przedstawiciela ustawowego. Wniosek ten sk\u0142ada si\u0119 w&nbsp;Dziale \u015awiadcze\u0144 Rodzinnych i&nbsp;Funduszu Alimentacyjnego MOPS w&nbsp;Sopocie.<\/p>\n\n\n\n<p>Przys\u0142uguje osobie uprawnionej do&nbsp;aliment\u00f3w od&nbsp;rodzica na&nbsp;podstawie tytu\u0142u wykonawczego pochodz\u0105cego lub zatwierdzonego przez s\u0105d, je\u017celi egzekucja okaza\u0142a si\u0119 bezskuteczna (tj. w wyniku kt\u00f3rej w okresie ostatnich 2 miesi\u0119cy nie wyegzekwowano pe\u0142nej nale\u017cno\u015bci z tytu\u0142u zaleg\u0142ych i bie\u017c\u0105cych zobowi\u0105za\u0144 alimentacyjnych; za&nbsp;bezskuteczn\u0105 egzekucj\u0119 uwa\u017ca si\u0119 r\u00f3wnie\u017c niemo\u017cno\u015b\u0107 wszcz\u0119cia lub prowadzenia egzekucji aliment\u00f3w przeciwko d\u0142u\u017cnikowi alimentacyjnemu przebywaj\u0105cymi poza granicami Rzeczypospolitej Polskiej, w&nbsp;szczeg\u00f3lno\u015bci z&nbsp;powodu: braku podstawy prawnej do&nbsp;podj\u0119cia czynno\u015bci zmierzaj\u0105cych do&nbsp;wykonania tytu\u0142u wykonawczego w&nbsp;miejscu zamieszkania d\u0142u\u017cnika lub braku mo\u017cliwo\u015bci wskazania przez osob\u0119 uprawnion\u0105 miejsca zamieszkania d\u0142u\u017cnika alimentacyjnego za&nbsp;granic\u0105).<\/p>\n\n\n\n<p>Przys\u0142uguje:<br>a. do&nbsp;uko\u0144czenia przez osob\u0119 uprawnion\u0105 18 roku \u017cycia albo w&nbsp;przypadku gdy&nbsp;uczy si\u0119 w&nbsp;szkole lub w&nbsp;szkole wy\u017cszej do&nbsp;uko\u0144czenia 25 roku \u017cycia, albo w&nbsp;przypadku posiadania orzeczenia o&nbsp;znacznym stopniu niepe\u0142nosprawno\u015bci \u2013 bez wzgl\u0119du na&nbsp;wiek;<br>b. je\u017celi przeci\u0119tny miesi\u0119czny doch\u00f3d rodziny w przeliczeniu na osob\u0119 w rodzinie nie przekracza &nbsp;<strong>1209,00 z\u0142<\/strong>;<br>c. w wysoko\u015bci bie\u017c\u0105co ustalonych aliment\u00f3w, do wysoko\u015bci 1000,00 z\u0142 miesi\u0119cznie.<\/p>\n\n\n\n<p><strong>Wymagane dokumenty:<\/strong><\/p>\n\n\n\n<ol start=\"1\" class=\"wp-block-list\">\n<li>wniosek o\u00a0\u015bwiadczenie z\u00a0funduszu alimentacyjnego;<\/li>\n\n\n\n<li>za\u015bwiadczenia lub o\u015bwiadczenia dokumentuj\u0105ce wysoko\u015b\u0107 innych dochod\u00f3w ni\u017c dochody podlegaj\u0105ce opodatkowaniu podatkiem dochodowym od os\u00f3b fizycznych na zasadach okre\u015blonych w art. 27, art. 30b, art. 30c,art. 30e i art. 30f ustawy z dnia 26 lipca 1991 r. o podatku dochodowym od os\u00f3b fizycznych (Dz.U. 2023 poz.28 ze zm.), ka\u017cdego cz\u0142onka rodziny;<\/li>\n\n\n\n<li>orzeczenie s\u0105du rodzinnego o ustaleniu opiekuna prawnego dla osoby uprawnionej<\/li>\n\n\n\n<li>prawomocny tytu\u0142 wykonawczy zobowi\u0105zuj\u0105cy do aliment\u00f3w na rzecz osoby uprawnionej (orygina\u0142 lub odpis)<\/li>\n\n\n\n<li>za\u015bwiadczenie organu prowadz\u0105cego post\u0119powanie egzekucyjne albo o\u015bwiadczenie stwierdzaj\u0105ce bezskuteczno\u015b\u0107 egzekucji<\/li>\n\n\n\n<li>informacja w\u0142a\u015bciwego s\u0105du lub w\u0142a\u015bciwej instytucji o\u00a0podj\u0119ciu przez osob\u0119 uprawnion\u0105 czynno\u015bci zwi\u0105zanych z\u00a0wykonaniem tytu\u0142u wykonawczego za\u00a0granic\u0105 albo o\u00a0niepodj\u0119ciu tych czynno\u015bci<\/li>\n\n\n\n<li>za\u015bwiadczenie organu prowadz\u0105cego post\u0119powanie egzekucyjne o\u00a0\u0142\u0105cznej kwocie wyegzekwowanych od\u00a0d\u0142u\u017cnika aliment\u00f3w w roku bazowym (orygina\u0142)<\/li>\n\n\n\n<li>inne dokumenty potwierdzaj\u0105ce spe\u0142nianie warunk\u00f3w do przyznania lub ustalenia wysoko\u015bci \u015bwiadczenia z funduszu alimentacyjnego b\u0119d\u0105cego przedmiotem wniosku.<\/li>\n<\/ol>\n\n\n\n<p><strong>\u015awiadczenia z funduszu alimentacyjnego nie przys\u0142uguj\u0105, je\u017celi osoba uprawniona:<\/strong><br>a. zosta\u0142a umieszczona w instytucji zapewniaj\u0105cej ca\u0142odobowe utrzymanie albo w pieczy zast\u0119pczej<br>b. zawar\u0142a zwi\u0105zek ma\u0142\u017ce\u0144ski<\/p>\n\n\n\n<p><strong>Okres \u015bwiadczeniowy&nbsp;<\/strong><\/p>\n\n\n\n<p><strong>Okres \u015bwiadczeniowy trwa od 1 pa\u017adziernika&nbsp; danego roku do 30 wrze\u015bnia nast\u0119pnego roku.<\/strong><\/p>\n\n\n\n<p>Aby zachowa\u0107 ci\u0105g\u0142o\u015b\u0107 wyp\u0142at mi\u0119dzy okresami \u015bwiadczeniowymi nale\u017cy z\u0142o\u017cy\u0107 wniosek na nowy okres \u015bwiadczeniowy wraz z wymaganymi dokumentami <strong>do dnia 31 sierpnia<\/strong>, wtedy ustalenie prawa do \u015bwiadcze\u0144 z funduszu alimentacyjnego oraz wyp\u0142ata przys\u0142uguj\u0105cych \u015bwiadcze\u0144 nast\u0119puje <strong>do dnia 31 pa\u017adziernika<\/strong>.<\/p>\n\n\n\n<p>Nast\u0119pnie w przypadku gdy osoba ubiegaj\u0105ca si\u0119 o \u015bwiadczenia rodzinne na nowy okres \u015bwiadczeniowy z\u0142o\u017cy wniosek wraz z wymaganymi dokumentami <strong>od dnia 1 wrze\u015bnia do dnia 30 wrze\u015bnia<\/strong>, ustalenie prawa do \u015bwiadcze\u0144 z funduszu alimentacyjnego oraz wyp\u0142ata przys\u0142uguj\u0105cych \u015bwiadcze\u0144 nast\u0119puje <strong>do dnia 30 listopada<\/strong>.<\/p>\n\n\n\n<p>W przypadku gdy osoba ubiegaj\u0105ca si\u0119 o \u015bwiadczenia z funduszu alimentacyjnego na nowy okres \u015bwiadczeniowy z\u0142o\u017cy wniosek wraz z wymaganymi dokumentami w okresie od dnia 1 pa\u017adziernika <strong>do dnia 31 pa\u017adziernika, ustalenie prawa do \u015bwiadcze\u0144 z funduszu alimentacyjnego oraz wyp\u0142ata przys\u0142uguj\u0105cych \u015bwiadcze\u0144 z funduszu alimentacyjnego nast\u0119puje do dnia 31 grudnia tego roku<\/strong>.<\/p>\n\n\n\n<p>Gdy osoba ubiegaj\u0105ca si\u0119 o \u015bwiadczenia na nowy okres \u015bwiadczeniowy z\u0142o\u017cy wniosek wraz z wymaganymi dokumentami w okresie <strong>od dnia 1 listopada do dnia 30 listopada<\/strong>, ustalenie prawa do \u015bwiadcze\u0144 z funduszu alimentacyjnego oraz wyp\u0142ata przys\u0142uguj\u0105cych \u015bwiadcze\u0144 z funduszu alimentacyjnego nast\u0119puje <strong>do dnia 31 stycznia nast\u0119pnego roku. (UWAGA \u015bwiadczenie przys\u0142uguje od miesi\u0105ca listopada!)<\/strong><\/p>\n\n\n\n<p><strong>W przypadku gdy osoba ubiegaj\u0105ca si\u0119 o \u015bwiadczenia na nowy okres \u015bwiadczeniowy<\/strong> <strong>z\u0142o\u017cy wniosek wraz z wymaganymi dokumentami w okresie od dnia 1 grudnia danego roku do dnia 31 stycznia nast\u0119pnego roku, ustalenie prawa do \u015bwiadcze\u0144 z funduszu alimentacyjnego oraz wyp\u0142ata przys\u0142uguj\u0105cych \u015bwiadcze\u0144 z funduszu alimentacyjnego nast\u0119puje do ostatniego dnia lutego nast\u0119pnego roku. (UWAGA \u015bwiadczenie przys\u0142uguje od miesi\u0105ca grudnia!)<\/strong><\/p>\n\n\n\n<p><strong>Druki do pobrania<\/strong><\/p>\n\n\n\n<ol class=\"wp-block-list\">\n<li>Wzory wniosk\u00f3w: https:\/\/www.gov.pl\/web\/rodzina\/swiadczenia-z-funduszu-alimentacyjnego&#8212;wzor-wniosku-i-zalacznikow-do-stosowania-na-nowy-okres-20212022<\/li>\n<\/ol>\n\n\n\n<p><\/p>\n","protected":false},"excerpt":{"rendered":"<p>\u015aWIADCZENIA Z FUNDUSZU ALIMENTACYJNEGO Prawo do&nbsp;\u015bwiadcze\u0144 z&nbsp;funduszu alimentacyjnego ustala si\u0119 i&nbsp;wyp\u0142aca na&nbsp;wniosek osoby uprawnionej lub jej przedstawiciela ustawowego. Wniosek ten sk\u0142ada si\u0119 w&nbsp;Dziale \u015awiadcze\u0144 Rodzinnych i&nbsp;Funduszu Alimentacyjnego MOPS w&nbsp;Sopocie. Przys\u0142uguje osobie uprawnionej do&nbsp;aliment\u00f3w od&nbsp;rodzica na&nbsp;podstawie tytu\u0142u wykonawczego pochodz\u0105cego lub zatwierdzonego przez s\u0105d, je\u017celi egzekucja okaza\u0142a si\u0119 bezskuteczna (tj. w wyniku kt\u00f3rej w okresie ostatnich 2 [&hellip;]<\/p>\n","protected":false},"author":1,"featured_media":0,"parent":0,"menu_order":0,"comment_status":"closed","ping_status":"closed","template":"","meta":{"footnotes":""},"class_list":["post-51","page","type-page","status-publish","hentry"],"_links":{"self":[{"href":"https:\/\/gops.suwalki.pl\/index.php?rest_route=\/wp\/v2\/pages\/51","targetHints":{"allow":["GET"]}}],"collection":[{"href":"https:\/\/gops.suwalki.pl\/index.php?rest_route=\/wp\/v2\/pages"}],"about":[{"href":"https:\/\/gops.suwalki.pl\/index.php?rest_route=\/wp\/v2\/types\/page"}],"author":[{"embeddable":true,"href":"https:\/\/gops.suwalki.pl\/index.php?rest_route=\/wp\/v2\/users\/1"}],"replies":[{"embeddable":true,"href":"https:\/\/gops.suwalki.pl\/index.php?rest_route=%2Fwp%2Fv2%2Fcomments&post=51"}],"version-history":[{"count":2,"href":"https:\/\/gops.suwalki.pl\/index.php?rest_route=\/wp\/v2\/pages\/51\/revisions"}],"predecessor-version":[{"id":149,"href":"https:\/\/gops.suwalki.pl\/index.php?rest_route=\/wp\/v2\/pages\/51\/revisions\/149"}],"wp:attachment":[{"href":"https:\/\/gops.suwalki.pl\/index.php?rest_route=%2Fwp%2Fv2%2Fmedia&parent=51"}],"curies":[{"name":"wp","href":"https:\/\/api.w.org\/{rel}","templated":true}]}}