{"id":53,"date":"2025-10-06T20:21:43","date_gmt":"2025-10-06T20:21:43","guid":{"rendered":"https:\/\/gops.suwalki.pl\/?page_id=53"},"modified":"2025-12-16T19:28:26","modified_gmt":"2025-12-16T19:28:26","slug":"za-zyciem","status":"publish","type":"page","link":"https:\/\/gops.suwalki.pl\/?page_id=53","title":{"rendered":"Za \u017cyciem"},"content":{"rendered":"\n<p><strong><em>Wsparcie kobiet w ci\u0105\u017cy i rodzin \u201eZa \u017cyciem\u201d<\/em><\/strong><\/p>\n\n\n\n<p><strong><em>PODSTAWA PRAWNA<\/em><\/strong>: Ustawa z dnia 4 listopada 2016 r. o wsparciu kobiet w ci\u0105\u017cy i rodzin \u201eZa \u017cyciem\u201d (Dz. U. z 2024, poz. 1829).<\/p>\n\n\n\n<p>Od 1 stycznia 2017 r., z tytu\u0142u urodzenia si\u0119 \u017cywego dziecka z ci\u0119\u017ckim i nieodwracalnym upo\u015bledzeniem albo nieuleczaln\u0105 chorob\u0105 zagra\u017caj\u0105c\u0105 \u017cyciu, przys\u0142uguje jednorazowe \u015bwiadczenie w wysoko\u015bci 4000 z\u0142. \u015awiadczenie przyznawane jest na podstawie przepis\u00f3w ustawy z dnia 4 listopada 2016 r. o wsparciu kobiet w ci\u0105\u017cy i rodzin \u201eZa \u017cyciem\u201d (Dz. U. z 2024, poz. 1829).<\/p>\n\n\n\n<p>Z wnioskiem o jednorazowe \u015bwiadczenie, mo\u017ce wyst\u0105pi\u0107:<\/p>\n\n\n\n<ul class=\"wp-block-list\">\n<li>matka, ojciec,<\/li>\n\n\n\n<li>opiekun prawny albo opiekun faktyczny (opiekun faktyczny, to osoba faktycznie<\/li>\n<\/ul>\n\n\n\n<p>zajmuj\u0105ca si\u0119 dzieckiem, je\u015bli wyst\u0105pi\u0142a do s\u0105du z wnioskiem o przysposobienie dziecka),<\/p>\n\n\n\n<p><strong>Jednorazowe \u015bwiadczenie przys\u0142uguje bez wzgl\u0119du na osi\u0105gane dochody.<\/strong><\/p>\n\n\n\n<p>Aby uzyska\u0107 jednorazowe \u015bwiadczenie, konieczne jest spe\u0142nienie kilku warunk\u00f3w:<\/p>\n\n\n\n<ul class=\"wp-block-list\">\n<li>zgodnie z art. 10 ust. 4 ustawy o wsparciu kobiet w ci\u0105\u017cy i rodzin \u201eZa \u017cyciem\u201d, wniosek o wyp\u0142at\u0119 jednorazowego \u015bwiadczenia nale\u017cy z\u0142o\u017cy\u0107 w terminie 12 miesi\u0119cy od dnia narodzin dziecka. Wniosek z\u0142o\u017cony po terminie zostanie pozostawiony bez rozpoznania. Spe\u0142nienie warunku z\u0142o\u017cenia wniosku w terminie 12 miesi\u0119cy od dnia urodzenia dziecka ustalane b\u0119dzie w oparciu o przepisy Kodeksu post\u0119powania administracyjnego dotycz\u0105cego termin\u00f3w art. 57 \u00a7 3 \u00a7 4 Kpa.<\/li>\n\n\n\n<li>posiadanie przez dziecko za\u015bwiadczenia lekarskiego, potwierdzaj\u0105cego ci\u0119\u017ckie<br>i nieodwracalne upo\u015bledzenia albo nieuleczaln\u0105 chorob\u0119 zagra\u017caj\u0105c\u0105 \u017cyciu, kt\u00f3re powsta\u0142y w prenatalnym okresie rozwoju dziecka lub w czasie porodu. Za\u015bwiadczenie takie powinno by\u0107 wystawionego przez lekarza z kt\u00f3rym Narodowy Fundusz Zdrowia zawar\u0142 umow\u0119 o udzielanie \u015bwiadcze\u0144 opieki zdrowotnej, albo lekarza, kt\u00f3ry jest zatrudniony lub wykonuje zaw\u00f3d w przychodni, z kt\u00f3r\u0105 NFZ zawar\u0142 umow\u0119<br>o udzielanie \u015bwiadcze\u0144 opieki zdrowotnej, posiadaj\u0105cego specjalizacj\u0119 II stopnia lub tytu\u0142 specjalisty w dziedzinie: po\u0142o\u017cnictwa i ginekologii, perinatologii lub neonatologii.<\/li>\n\n\n\n<li>jednorazowe \u015bwiadczenie przys\u0142ugiwa\u0107 b\u0119dzie tylko w sytuacji, gdy matka dziecka\u00a0 pozostawa\u0142a pod opiek\u0105 medyczn\u0105 nie p\u00f3\u017aniej ni\u017c od 10 tygodnia ci\u0105\u017cy do dnia porodu. Fakt ten nale\u017cy potwierdzi\u0107 odpowiednim za\u015bwiadczeniem lekarskim lub za\u015bwiadczeniem wystawionym przez po\u0142o\u017cn\u0105. Wz\u00f3r tego za\u015bwiadczenia okre\u015blony jest w rozporz\u0105dzeniu Ministra Zdrowia z dnia 14 wrze\u015bnia 2010 r. w sprawie formy opieki medycznej nad kobieta w ci\u0105\u017cy, uprawniaj\u0105cej do dodatku z tytu\u0142u urodzenia dziecka oraz wzoru za\u015bwiadczenia potwierdzaj\u0105cego pozostawanie pod ta opiek\u0105 (Dz. U. z 2021 r., poz. 199). Wym\u00f3g legitymowania si\u0119 za\u015bwiadczeniem o pozostawaniu pod opiek\u0105 medyczn\u0105 nie p\u00f3\u017aniej ni\u017c od 10 tygodnia ci\u0105\u017cy do dnia porodu, nie dotyczy opiekuna prawnego, opiekuna faktycznego i osoby, kt\u00f3ra przysposobi\u0142a dziecko.<\/li>\n<\/ul>\n\n\n\n<p>Jednorazowe \u015bwiadczenie <strong>nie przys\u0142uguje<\/strong> je\u015bli dziecko zosta\u0142o umieszczone w instytucji<\/p>\n\n\n\n<p>zapewniaj\u0105cej ca\u0142odobowe utrzymanie (oznacza to dom pomocy spo\u0142ecznej, m\u0142odzie\u017cowy o\u015brodek wychowawczy, schronisko dla nieletnich, zak\u0142ad poprawczy, areszt \u015bledczy, zak\u0142ad karny, szko\u0142\u0119 wojskow\u0105 lub inn\u0105 szko\u0142\u0119, je\u017celi instytucje te zapewniaj\u0105 nieodp\u0142atnie pe\u0142ne utrzymanie) albo w pieczy zast\u0119pczej. Jednorazowe \u015bwiadczenie nie przys\u0142uguje r\u00f3wnie\u017c w przypadku urodzenia martwego dziecka.<\/p>\n\n\n\n<p>Jednorazowe \u015bwiadczenie, podobnie jak \u015bwiadczenia rodzinne oraz \u015bwiadczenie wychowawcze, podlega unijnej koordynacji system\u00f3w zabezpieczenia spo\u0142ecznego.<\/p>\n\n\n\n<p>Ponadto, otrzymane jednorazowe \u015bwiadczenie nie wlicza si\u0119 do dochodu przy ustalaniu prawa do innych \u015bwiadcze\u0144, w tym do \u015bwiadcze\u0144 z pomocy spo\u0142ecznej, \u015bwiadcze\u0144 rodzinnych, \u015bwiadczenia wychowawczego oraz \u015bwiadcze\u0144 z funduszu alimentacyjnego.<\/p>\n","protected":false},"excerpt":{"rendered":"<p>Wsparcie kobiet w ci\u0105\u017cy i rodzin \u201eZa \u017cyciem\u201d PODSTAWA PRAWNA: Ustawa z dnia 4 listopada 2016 r. o wsparciu kobiet w ci\u0105\u017cy i rodzin \u201eZa \u017cyciem\u201d (Dz. U. z 2024, poz. 1829). Od 1 stycznia 2017 r., z tytu\u0142u urodzenia si\u0119 \u017cywego dziecka z ci\u0119\u017ckim i nieodwracalnym upo\u015bledzeniem albo nieuleczaln\u0105 chorob\u0105 zagra\u017caj\u0105c\u0105 \u017cyciu, przys\u0142uguje jednorazowe [&hellip;]<\/p>\n","protected":false},"author":1,"featured_media":0,"parent":0,"menu_order":0,"comment_status":"closed","ping_status":"closed","template":"","meta":{"footnotes":""},"class_list":["post-53","page","type-page","status-publish","hentry"],"_links":{"self":[{"href":"https:\/\/gops.suwalki.pl\/index.php?rest_route=\/wp\/v2\/pages\/53","targetHints":{"allow":["GET"]}}],"collection":[{"href":"https:\/\/gops.suwalki.pl\/index.php?rest_route=\/wp\/v2\/pages"}],"about":[{"href":"https:\/\/gops.suwalki.pl\/index.php?rest_route=\/wp\/v2\/types\/page"}],"author":[{"embeddable":true,"href":"https:\/\/gops.suwalki.pl\/index.php?rest_route=\/wp\/v2\/users\/1"}],"replies":[{"embeddable":true,"href":"https:\/\/gops.suwalki.pl\/index.php?rest_route=%2Fwp%2Fv2%2Fcomments&post=53"}],"version-history":[{"count":2,"href":"https:\/\/gops.suwalki.pl\/index.php?rest_route=\/wp\/v2\/pages\/53\/revisions"}],"predecessor-version":[{"id":148,"href":"https:\/\/gops.suwalki.pl\/index.php?rest_route=\/wp\/v2\/pages\/53\/revisions\/148"}],"wp:attachment":[{"href":"https:\/\/gops.suwalki.pl\/index.php?rest_route=%2Fwp%2Fv2%2Fmedia&parent=53"}],"curies":[{"name":"wp","href":"https:\/\/api.w.org\/{rel}","templated":true}]}}