{"id":55,"date":"2025-10-06T20:22:31","date_gmt":"2025-10-06T20:22:31","guid":{"rendered":"https:\/\/gops.suwalki.pl\/?page_id=55"},"modified":"2025-12-18T21:16:17","modified_gmt":"2025-12-18T21:16:17","slug":"rodziny-wspierajace","status":"publish","type":"page","link":"https:\/\/gops.suwalki.pl\/?page_id=55","title":{"rendered":"Rodziny wspieraj\u0105ce"},"content":{"rendered":"\n<p>KIM JEST RODZINA WSPIERAJ\u0104CA?<\/p>\n\n\n\n<p>TO OSOBA LUB RODZINA, KT\u00d3RA JEST OTWARTA NA DZIELENIE SI\u0118 SWOJ\u0104 WIEDZ\u0104 I UMIEJ\u0118TNO\u015aCIAMI Z INNYMI. ZASADY POWO\u0141YWANIA RODZINY WSPIERAJ\u0104CEJ OKRE\u015aLAJ\u0104 ART. 29, 30, 31 USTAWY Z DNIA 9 CZERWCA 2011 O WSPIERANIU RODZINY I SYSTEMU PIECZY ZAST\u0118PCZEJ.<\/p>\n\n\n\n<p>RODZINA WSPIERAJ\u0104CA WSP\u00d3\u0141PRACUJE Z ASYSTENTEM RODZINY NA RZECZ RODZIN PRZE\u017bYWAJ\u0104CYCH TRUDNO\u015aCI W WYPE\u0141NIANIU SWOICH FUNKCJI OPIEKU\u0143CZO &#8211; WYCHOWAWCZYCH W ZAKRESIE:<\/p>\n\n\n\n<ol class=\"wp-block-list\">\n<li>OPIEKI I WYCHOWANIA DZIECI, TJ. DZIEL\u0104 SI\u0118 SWOJ\u0104 WIEDZ\u0104 Z RODZIN\u0104 NA TEMAT R\u00d3\u017bNYCH METOD WYCHOWAWCZYCH, UCZ\u0104 KOMUNIKACJI W RODZINIE, WZMACNIAJ\u0104 PRAWID\u0141OWE POSTAWY RODZICA;<\/li>\n\n\n\n<li>PROWADZENIA GOSPODARSTWA DOMOWEGO, NP. W ZAKRESIE UMIEJ\u0118TNO\u015aCI ZARZ\u0104DZANIA BUD\u017bETEM DOMOWYM, NAUKI PRZYGOTOWYWANIA POSI\u0141K\u00d3W, UTRZYMYWANIA PORZ\u0104DKU W DOMU, WSPARCIE W NAUCE DZIECI;<\/li>\n\n\n\n<li>KSZTA\u0141TOWANIA I WYPE\u0141NIANIA PODSTAWOWYCH R\u00d3L SPO\u0141ECZNYCH.<\/li>\n<\/ol>\n\n\n\n<p>RODZINY WSPIERAJ\u0104CE WYWODZ\u0104 SI\u0118 Z NAJBLI\u017bSZEGO DZIECKU \u015aRODOWISKA I WSPIERAJ\u0104 RODZIN\u0118 BIOLOGICZN\u0104 W OPIECE, MOG\u0104 TO BY\u0106 DZIADKOWIE, KREWNI, S\u0104SIEDZI, NAUCZYCIELE ZE SZKO\u0141Y ITP.<\/p>\n\n\n\n<p>PRZEZ PROCEDUR\u0118 PROWADZ\u0104C\u0104 DO UZYSKANIA STATUSU RODZINY WSPIERAJ\u0104CEJ PRZEPROWADZ\u0104 KANDYDAT\u00d3W PRACOWNIK SOCJALNY I ASYSTENT RODZINY. PROCEDURA OBEJMUJE M.IN.:<\/p>\n\n\n\n<ol class=\"wp-block-list\">\n<li>WYWIAD \u015aRODOWISKOWY PRZEPROWADZONY W MIEJSCU ZAMIESZKANIA, NA PODSTAWIE KT\u00d3REGO KIEROWNIK GOPS WYDA OPINI\u0118 CZY KANDYDAT MO\u017bE ZOSTA\u0106 RODZIN\u0104 WSPIERAJ\u0104C\u0104;<\/li>\n\n\n\n<li>WPROWADZENIE DO OBJ\u0118CIA ROLI RODZINY WSPIERAJ\u0104CEJ;<br>OSOBY ZAINTERESOWANE PE\u0141NIENIEM ROLI RODZINY WSPIERAJ\u0104CEJ MOG\u0104 ZG\u0141ASZA\u0106 SWOJ\u0104 KANDYDATUR\u0118 BEZPO\u015aREDNIO PRACOWNIKOWI SOCJALNEMU W\u0141A\u015aCIWEMU ZE WZGL\u0118DU NA MIEJSCE ZAMIESZKANIA.<\/li>\n<\/ol>\n\n\n\n<p><\/p>\n","protected":false},"excerpt":{"rendered":"<p>KIM JEST RODZINA WSPIERAJ\u0104CA? TO OSOBA LUB RODZINA, KT\u00d3RA JEST OTWARTA NA DZIELENIE SI\u0118 SWOJ\u0104 WIEDZ\u0104 I UMIEJ\u0118TNO\u015aCIAMI Z INNYMI. ZASADY POWO\u0141YWANIA RODZINY WSPIERAJ\u0104CEJ OKRE\u015aLAJ\u0104 ART. 29, 30, 31 USTAWY Z DNIA 9 CZERWCA 2011 O WSPIERANIU RODZINY I SYSTEMU PIECZY ZAST\u0118PCZEJ. RODZINA WSPIERAJ\u0104CA WSP\u00d3\u0141PRACUJE Z ASYSTENTEM RODZINY NA RZECZ RODZIN PRZE\u017bYWAJ\u0104CYCH TRUDNO\u015aCI W WYPE\u0141NIANIU [&hellip;]<\/p>\n","protected":false},"author":1,"featured_media":0,"parent":0,"menu_order":0,"comment_status":"closed","ping_status":"closed","template":"","meta":{"footnotes":""},"class_list":["post-55","page","type-page","status-publish","hentry"],"_links":{"self":[{"href":"https:\/\/gops.suwalki.pl\/index.php?rest_route=\/wp\/v2\/pages\/55","targetHints":{"allow":["GET"]}}],"collection":[{"href":"https:\/\/gops.suwalki.pl\/index.php?rest_route=\/wp\/v2\/pages"}],"about":[{"href":"https:\/\/gops.suwalki.pl\/index.php?rest_route=\/wp\/v2\/types\/page"}],"author":[{"embeddable":true,"href":"https:\/\/gops.suwalki.pl\/index.php?rest_route=\/wp\/v2\/users\/1"}],"replies":[{"embeddable":true,"href":"https:\/\/gops.suwalki.pl\/index.php?rest_route=%2Fwp%2Fv2%2Fcomments&post=55"}],"version-history":[{"count":2,"href":"https:\/\/gops.suwalki.pl\/index.php?rest_route=\/wp\/v2\/pages\/55\/revisions"}],"predecessor-version":[{"id":179,"href":"https:\/\/gops.suwalki.pl\/index.php?rest_route=\/wp\/v2\/pages\/55\/revisions\/179"}],"wp:attachment":[{"href":"https:\/\/gops.suwalki.pl\/index.php?rest_route=%2Fwp%2Fv2%2Fmedia&parent=55"}],"curies":[{"name":"wp","href":"https:\/\/api.w.org\/{rel}","templated":true}]}}