{"id":56,"date":"2025-10-06T20:22:05","date_gmt":"2025-10-06T20:22:05","guid":{"rendered":"https:\/\/gops.suwalki.pl\/?page_id=56"},"modified":"2025-12-18T21:14:08","modified_gmt":"2025-12-18T21:14:08","slug":"asystent-rodziny","status":"publish","type":"page","link":"https:\/\/gops.suwalki.pl\/?page_id=56","title":{"rendered":"Asystent rodziny"},"content":{"rendered":"\n<p>Termin <strong>\u201easystent\u201d<\/strong> pochodzi od s\u0142owa <strong>\u201easysta\u201d,<\/strong> kt\u00f3re oznacza osob\u0119 towarzysz\u0105c\u0105 komu\u015b, wsp\u00f3\u0142obecn\u0105, pomagaj\u0105c\u0105.<\/p>\n\n\n\n<p>Podstawa prawna :<\/p>\n\n\n\n<ul class=\"wp-block-list\">\n<li>ustawa z dnia 9 czerwca 2011 r. o wspieraniu rodziny i systemie pieczy zast\u0119pczej (\u00a0Dz. U. z 2020 r., poz. 821)<\/li>\n\n\n\n<li>ustawa z dnia 4 listopada 2016 r. o wsparciu kobiet w ci\u0105\u017cy i rodzin ,,Za \u017cyciem\u201d (Dz.\u00a0 U. z 2020 r., poz. 1329)<\/li>\n<\/ul>\n\n\n\n<p>Zgodnie z&nbsp; Ustaw\u0105 o wspieraniu rodziny i systemie pieczy zast\u0119pczej z dnia 9 czerwca 2011 r. jedn\u0105 z form pomocy rodzinom jest mo\u017cliwo\u015b\u0107 wsparcia rodziny prze\u017cywaj\u0105cej trudno\u015bci w&nbsp;wype\u0142nianiu funkcji opieku\u0144czo \u2013 wychowawczych przez asystenta rodziny.<\/p>\n\n\n\n<p>Asystent rodziny przyznawany jest na wniosek rodziny lub wniosek pracownika socjalnego, plac\u00f3wki szkolnej postanowienia s\u0105du.<\/p>\n\n\n\n<p>Praca asystenta rodziny ukierunkowana jest na zmian\u0119 niekorzystnej dla rodziny sytuacji, osi\u0105gni\u0119cie przez ni\u0105 pe\u0142nej samodzielno\u015bci oraz niezale\u017cno\u015bci \u017cyciowej. Asystent rodziny maj\u0105c na celu przede wszystkim wspieranie rodziny wychowuj\u0105cej dzieci, w&nbsp;prawid\u0142owym wykonywaniu funkcji opieku\u0144czo \u2013 wychowawczych lub d\u0105\u017cenie do stworzenia warunk\u00f3w umo\u017cliwiaj\u0105cych powr\u00f3t dzieci z pieczy zast\u0119pczej do rodziny biologicznej ma okre\u015blone zadania, do kt\u00f3rych nale\u017cy m. im.:<\/p>\n\n\n\n<p>1) opracowanie i realizacja planu pracy z rodzin\u0105 we wsp\u00f3\u0142pracy z cz\u0142onkami rodziny<br>i w konsultacji z pracownikiem socjalnym;<\/p>\n\n\n\n<p>2) opracowanie, we wsp\u00f3\u0142pracy z cz\u0142onkami rodziny i koordynatorem rodzinnej pieczy zast\u0119pczej, planu pracy z rodzin\u0105, kt\u00f3ry jest skoordynowany z planem pomocy dziecku umieszczonemu w pieczy zast\u0119pczej;<\/p>\n\n\n\n<p>3) udzielanie pomocy rodzinom w poprawie ich sytuacji \u017cyciowej, w tym w zdobywaniu umiej\u0119tno\u015bci prawid\u0142owego prowadzenia gospodarstwa domowego;<\/p>\n\n\n\n<p>4) udzielanie pomocy rodzinom w rozwi\u0105zywaniu problem\u00f3w socjalnych;<\/p>\n\n\n\n<p>5) udzielanie pomocy rodzinom w rozwi\u0105zywaniu problem\u00f3w psychologicznych;<\/p>\n\n\n\n<p>6) udzielanie pomocy rodzinom w rozwi\u0105zywaniu problem\u00f3w wychowawczych z dzie\u0107mi;<\/p>\n\n\n\n<p>7) wspieranie aktywno\u015bci spo\u0142ecznej rodzin;<\/p>\n\n\n\n<p>8) motywowanie cz\u0142onk\u00f3w rodzin do podnoszenia kwalifikacji zawodowych;<\/p>\n\n\n\n<p>9) udzielanie pomocy w poszukiwaniu, podejmowaniu i utrzymywaniu pracy zarobkowej;<\/p>\n\n\n\n<p>10) motywowanie do udzia\u0142u w zaj\u0119ciach grupowych dla rodzic\u00f3w, maj\u0105cych na celu kszta\u0142towanie prawid\u0142owych wzorc\u00f3w rodzicielskich i umiej\u0119tno\u015bci psychospo\u0142ecznych;<\/p>\n\n\n\n<p>11) udzielanie wsparcia dzieciom, w szczeg\u00f3lno\u015bci poprzez udzia\u0142 w zaj\u0119ciach psychoedukacyjnych;<\/p>\n\n\n\n<p>12) podejmowanie dzia\u0142a\u0144 interwencyjnych i zaradczych w sytuacji zagro\u017cenia bezpiecze\u0144stwa dzieci i rodzin;<\/p>\n\n\n\n<p>13) prowadzenie indywidualnych konsultacji wychowawczych dla rodzic\u00f3w i dzieci;<\/p>\n\n\n\n<p>13a) realizacja zada\u0144 okre\u015blonych w ustawie z dnia 4 listopada 2016 r. o wsparciu kobiet w&nbsp;ci\u0105\u017cy i rodzin \u201eZa \u017cyciem\u201d<\/p>\n\n\n\n<p>14) prowadzenie dokumentacji dotycz\u0105cej pracy z rodzin\u0105;<\/p>\n\n\n\n<p>15) dokonywanie okresowej oceny sytuacji rodziny, nie rzadziej ni\u017c co p\u00f3\u0142 roku,<\/p>\n\n\n\n<p>16) monitorowanie funkcjonowania rodziny po zako\u0144czeniu pracy z rodzin\u0105;<\/p>\n\n\n\n<p>17) sporz\u0105dzanie, na wniosek s\u0105du, opinii o rodzinie i jej cz\u0142onkach;<\/p>\n\n\n\n<p>18) wsp\u00f3\u0142praca z jednostkami administracji rz\u0105dowej i samorz\u0105dowej, w\u0142a\u015bciwymi organizacjami pozarz\u0105dowymi oraz innymi podmiotami i osobami specjalizuj\u0105cymi si\u0119 w dzia\u0142aniach na rzecz dziecka i rodziny;<\/p>\n\n\n\n<p>19) wsp\u00f3\u0142praca z zespo\u0142em interdyscyplinarnym lub grup\u0105 robocz\u0105.<\/p>\n\n\n\n<p><strong>&nbsp;Wspieranie rodziny jest prowadzone za jej zgod\u0105 i aktywnym udzia\u0142em.<\/strong><\/p>\n","protected":false},"excerpt":{"rendered":"<p>Termin \u201easystent\u201d pochodzi od s\u0142owa \u201easysta\u201d, kt\u00f3re oznacza osob\u0119 towarzysz\u0105c\u0105 komu\u015b, wsp\u00f3\u0142obecn\u0105, pomagaj\u0105c\u0105. Podstawa prawna : Zgodnie z&nbsp; Ustaw\u0105 o wspieraniu rodziny i systemie pieczy zast\u0119pczej z dnia 9 czerwca 2011 r. jedn\u0105 z form pomocy rodzinom jest mo\u017cliwo\u015b\u0107 wsparcia rodziny prze\u017cywaj\u0105cej trudno\u015bci w&nbsp;wype\u0142nianiu funkcji opieku\u0144czo \u2013 wychowawczych przez asystenta rodziny. Asystent rodziny przyznawany jest [&hellip;]<\/p>\n","protected":false},"author":1,"featured_media":0,"parent":0,"menu_order":0,"comment_status":"closed","ping_status":"closed","template":"","meta":{"footnotes":""},"class_list":["post-56","page","type-page","status-publish","hentry"],"_links":{"self":[{"href":"https:\/\/gops.suwalki.pl\/index.php?rest_route=\/wp\/v2\/pages\/56","targetHints":{"allow":["GET"]}}],"collection":[{"href":"https:\/\/gops.suwalki.pl\/index.php?rest_route=\/wp\/v2\/pages"}],"about":[{"href":"https:\/\/gops.suwalki.pl\/index.php?rest_route=\/wp\/v2\/types\/page"}],"author":[{"embeddable":true,"href":"https:\/\/gops.suwalki.pl\/index.php?rest_route=\/wp\/v2\/users\/1"}],"replies":[{"embeddable":true,"href":"https:\/\/gops.suwalki.pl\/index.php?rest_route=%2Fwp%2Fv2%2Fcomments&post=56"}],"version-history":[{"count":2,"href":"https:\/\/gops.suwalki.pl\/index.php?rest_route=\/wp\/v2\/pages\/56\/revisions"}],"predecessor-version":[{"id":178,"href":"https:\/\/gops.suwalki.pl\/index.php?rest_route=\/wp\/v2\/pages\/56\/revisions\/178"}],"wp:attachment":[{"href":"https:\/\/gops.suwalki.pl\/index.php?rest_route=%2Fwp%2Fv2%2Fmedia&parent=56"}],"curies":[{"name":"wp","href":"https:\/\/api.w.org\/{rel}","templated":true}]}}