{"id":61,"date":"2025-10-06T20:23:24","date_gmt":"2025-10-06T20:23:24","guid":{"rendered":"https:\/\/gops.suwalki.pl\/?page_id=61"},"modified":"2025-12-18T21:25:07","modified_gmt":"2025-12-18T21:25:07","slug":"przeciwdzialanie-przemocy","status":"publish","type":"page","link":"https:\/\/gops.suwalki.pl\/?page_id=61","title":{"rendered":"Przeciwdzia\u0142anie przemocy"},"content":{"rendered":"\n<h3 class=\"wp-block-heading\"><strong>Ustawa<\/strong> z dnia 29 lipca 2005 r. <strong>o przeciwdzia\u0142aniu przemocy w rodzinie<\/strong> (Dz.U. z dnia 20 wrze\u015bnia 2005 r., Nr 180, poz. 1493) <strong>pobierz plik <a href=\"https:\/\/web.archive.org\/web\/20240814142401\/http:\/\/www.mpips.gov.pl\/gfx\/mpips\/userfiles\/_public\/1_NOWA%20STRONA\/Przemoc%20w%20rodzinie\/Akty%20prawne\/obowiazujace_akty_prawne\/D20051493L.pdf\">(format pdf.)<\/a><\/strong><\/h3>\n\n\n\n<h3 class=\"wp-block-heading\"><strong>Ustawa<\/strong> <strong>o zmianie ustawy o przeciwdzia\u0142aniu przemocy w rodzinie oraz niekt\u00f3rych innych ustaw<\/strong> (Dz.U. z dnia 13 lipca 2010 r., Nr 125, poz. 842) <strong>pobierz plik <a href=\"https:\/\/web.archive.org\/web\/20240814142401\/http:\/\/dokumenty.rcl.gov.pl\/D2010125084201.pdf\">(format pdf.)<\/a><\/strong><br>KRAJOWY PROGRAM PRZECIWDZIA\u0141ANIA PRZEMOCY W RODZINIE &nbsp;na lata 2014-2020&nbsp;<strong>pobierz plik <\/strong><a href=\"https:\/\/web.archive.org\/web\/20240814142401\/http:\/\/www.mpips.gov.pl\/gfx\/mpips\/userfiles\/_public\/1_NOWA%20STRONA\/Przemoc%20w%20rodzinie\/Akty%20prawne\/obowiazujace_akty_prawne\/Krajowy%20Program%20Przeciwdzialania%20Przemocy%20w%20Rodzinie%20na%20lata%202014-2020.pdf\"><strong>(format pdf.)<\/strong><\/a><\/h3>\n\n\n\n<h3 class=\"wp-block-heading\">Rozporz\u0105dzenie Ministra Pracy i Polityki Spo\u0142ecznej z dnia 28 stycznia 2011 r. w sprawie Zespo\u0142u Monitoruj\u0105cego do spraw Przeciwdzia\u0142ania Przemocy w Rodzinie ( Dz. U. nr 28, poz. 146) <strong>pobierz plik <a href=\"https:\/\/web.archive.org\/web\/20240814142401\/http:\/\/dokumenty.rcl.gov.pl\/D2011028014601.pdf\">(format pdf.)<\/a><\/strong><\/h3>\n\n\n\n<h3 class=\"wp-block-heading\">Rozporz\u0105dzenie Ministra Pracy i Polityki Spo\u0142ecznej z 22 lutego 2011 r. w sprawie standardu podstawowych us\u0142ug \u015bwiadczonych przez specjalistyczne o\u015brodki wsparcia dla ofiar przemocy w rodzinie, kwalifikacji os\u00f3b zatrudnionych w tych o\u015brodkach, szczeg\u00f3\u0142owych kierunk\u00f3w prowadzenia oddzia\u0142ywa\u0144 korekcyjno-edukacyjnych wobec os\u00f3b stosuj\u0105cych przemoc w rodzinie oraz kwalifikacji os\u00f3b prowadz\u0105cych oddzia\u0142ywania korekcyjno-edukacyjne. (Dziennik Ustaw nr 50 poz. 259 z 8 marca 2011 r.) <strong>pobierz plik<\/strong><a href=\"https:\/\/web.archive.org\/web\/20240814142401\/http:\/\/www.mpips.gov.pl\/gfx\/mpips\/userfiles\/_public\/1_NOWA%20STRONA\/Przemoc%20w%20rodzinie\/Przemoc%20w%20rodzinie%20nowe\/kwalifik%20sow.%20rozporz.pdf\"> <strong>(format pdf.)<\/strong><\/a><\/h3>\n\n\n\n<h3 class=\"wp-block-heading\">Rozporz\u0105dzenie Ministra Pracy i Polityki Spo\u0142ecznej z 3 czerwca 2011 r. w sprawie nadzoru i kontroli nad realizacja zada\u0144 z zakresu przeciwdzia\u0142ania przemocy w rodzinie <strong>pobierz plik <a href=\"https:\/\/web.archive.org\/web\/20240814142401\/http:\/\/www.mpips.gov.pl\/gfx\/mpips\/userfiles\/_public\/1_NOWA%20STRONA\/Przemoc%20w%20rodzinie\/Akty%20prawne\/obowiazujace_akty_prawne\/rozp_nadzor_kontrola_20.06.11.pdf\">(format .pdf)<\/a><\/strong><\/h3>\n\n\n\n<h3 class=\"wp-block-heading\">Rozporz\u0105dzenie Rady Ministr\u00f3w z 13 wrze\u015bnia 2011 r. w sprawie procedury &#8222;Niebieskie Karty&#8221; oraz wzor\u00f3w formularzy &#8222;Niebieska Karta&#8221;. <strong>pobierz plik <a href=\"https:\/\/web.archive.org\/web\/20240814142401\/http:\/\/www.mpips.gov.pl\/gfx\/mpips\/userfiles\/_public\/1_NOWA%20STRONA\/Przemoc%20w%20rodzinie\/Akty%20prawne\/Niebieska_karta_procedury_formularze_130911.pdf\">(format .pdf)<\/a><\/strong><\/h3>\n\n\n\n<p>Zesp\u00f3\u0142 Interdyscyplinarny to grupa specjalist\u00f3w podejmuj\u0105ca si\u0119 wsp\u00f3\u0142pracy celem udzielenia pomocy osobom lub ca\u0142ym rodzinom znajduj\u0105cym si\u0119 w kryzysie i dotkni\u0119tym problemem przemocy. Dzia\u0142ania te skierowane s\u0105 na rozwi\u0105zanie konkretnego problemu. Celem g\u0142\u00f3wnym zespo\u0142u interdyscyplinarnego jest efektywna wsp\u00f3\u0142praca instytucji<br>i organizacji na rzecz zapobiegania i zwalczania przemocy w rodzinie poprzez:<\/p>\n\n\n\n<ul class=\"wp-block-list\">\n<li>diagnozowanie problemu przemocy w rodzinie,<\/li>\n\n\n\n<li>podejmowanie dzia\u0142a\u0144 w \u015brodowisku zagro\u017conym przemoc\u0105 w rodzinie maj\u0105cych na celu przeciwdzia\u0142anie temu zjawisku,<\/li>\n\n\n\n<li>inicjowanie interwencji w \u015brodowisku dotkni\u0119tym przemoc\u0105 w rodzinie,<\/li>\n\n\n\n<li>rozpowszechnianie informacji o instytucjach, osobach i mo\u017cliwo\u015bciach udzielenia pomocy w \u015brodowisku lokalnym,<\/li>\n\n\n\n<li>inicjowanie dzia\u0142a\u0144 w stosunku do os\u00f3b stosuj\u0105cych przemoc w rodzinie,<\/li>\n\n\n\n<li>realizacja Gminnego Programu Przeciwdzia\u0142ania Przemocy w Rodzinie oraz Ochrony Ofiar Przemocy w Rodzinie na lata 2017-2022.<\/li>\n<\/ul>\n\n\n\n<p>Zesp\u00f3\u0142 Interdyscyplinarny mo\u017ce tworzy\u0107 grupy robocze w celu rozwi\u0105zywania problem\u00f3w zwi\u0105zanych z wyst\u0105pieniem przemocy w rodzinie w indywidualnych przypadkach.<\/p>\n\n\n\n<p>Do zada\u0144 grup roboczych nale\u017cy, w szczeg\u00f3lno\u015bci:<\/p>\n\n\n\n<ul class=\"wp-block-list\">\n<li>opracowanie i realizacja planu pomocy w indywidualnych przypadkach wyst\u0105pienia przemocy w rodzinie,<\/li>\n\n\n\n<li>monitorowanie sytuacji rodzin, w kt\u00f3rych dochodzi do przemocy oraz rodzin zagro\u017conych wyst\u0105pieniem przemocy,<\/li>\n\n\n\n<li>dokumentowanie dzia\u0142a\u0144 podejmowanych wobec rodzin, w kt\u00f3rych dochodzi do przemocy oraz efekt\u00f3w tych dzia\u0142a\u0144<\/li>\n<\/ul>\n\n\n\n<p>Cz\u0142onkowie Zespo\u0142u Interdyscyplinarnego oraz grup roboczych wykonuj\u0105 zadania w ramach obowi\u0105zk\u00f3w s\u0142u\u017cbowych. Prace w ramach grup roboczych s\u0105 prowadzonew zale\u017cno\u015bci od potrzeb zg\u0142aszanych przez Zesp\u00f3\u0142 lub wynikaj\u0105cych z problem\u00f3w wyst\u0119puj\u0105cych w indywidualnych przypadkach.<\/p>\n\n\n\n<p>Warunki funkcjonowania zespo\u0142u okre\u015bla Uchwa\u0142a nr XXXIX\/388\/10 Rady Gminy Suwa\u0142ki z dnia 5 listopada 2010 r. w sprawie okre\u015blenia trybu i sposobu powo\u0142ywania i odwo\u0142ywania cz\u0142onk\u00f3w zespo\u0142u interdyscyplinarnego oraz szczeg\u00f3\u0142owe warunki jego funkcjonowania.<\/p>\n\n\n\n<p>Sk\u0142ad Zespo\u0142u zosta\u0142 okre\u015blony Zarz\u0105dzeniem Zarz\u0105dzenie Nr 222\/17 W\u00f3jta Gminy Suwa\u0142ki z dnia 23 marca 2017r. w sprawie powo\u0142ania i sk\u0142adu zespo\u0142u interdyscyplinarnego.Na przewodnicz\u0105cego Zespo\u0142u wybrany zosta\u0142 pracownik socjalny GOPS Suwa\u0142ki Karol Radzewicz.<\/p>\n\n\n\n<p><strong>Siedziba Zespo\u0142u mie\u015bci si\u0119 w Gminnym O\u015brodku Pomocy Spo\u0142ecznej w Suwa\u0142kach przy<\/strong><br><strong>ul. \u015awierkowej 45, 16-402 Suwa\u0142ki, tel. 87&nbsp;565 93 49\/47.<\/strong><\/p>\n\n\n\n<h3 class=\"wp-block-heading\">Pliki do pobrania<\/h3>\n\n\n\n<ul class=\"wp-block-list\">\n<li><a href=\"https:\/\/web.archive.org\/web\/20240814142401\/http:\/\/gops.suwalki.pl\/index.php?c=getfile&amp;id=92\" target=\"_blank\" rel=\"noreferrer noopener\">Informator podmioty oraz organizacji pozarz\u0105dowych dzia\u0142aj\u0105cych na terenie Powiatu Suwalskiego -odzia\u0142ywania korekcyjno-edukacyjnych wobec os\u00f3b stosuj\u0105cych przemoc w rodzinie<\/a> (36.01 KB)<\/li>\n\n\n\n<li><a href=\"https:\/\/web.archive.org\/web\/20240814142401\/http:\/\/gops.suwalki.pl\/index.php?c=getfile&amp;id=66\" target=\"_blank\" rel=\"noreferrer noopener\">Placowki zapewniajace schronienie osobom doswiadczajacym przemocy w rodzinie na terenie wojewodztwa podlaskiego- w czasie epidemii wirusa SARS-CoV-2.xls<\/a> (49.00 KB)<\/li>\n\n\n\n<li><a href=\"https:\/\/web.archive.org\/web\/20240814142401\/http:\/\/gops.suwalki.pl\/index.php?c=getfile&amp;id=67\" target=\"_blank\" rel=\"noreferrer noopener\">Podmioty realizujace programy psychologiczno-terapeutyczne dla sprawcow przemocy w rodzinie w 2021 r..xls<\/a> (35.00 KB)<\/li>\n\n\n\n<li><a href=\"https:\/\/web.archive.org\/web\/20240814142401\/http:\/\/gops.suwalki.pl\/index.php?c=getfile&amp;id=68\" target=\"_blank\" rel=\"noreferrer noopener\">Podmioty realizujace programy psychologiczno-terapeutyczne w wojewodztwie podlaskim w 2021 r..xls<\/a> (31.50 KB)<\/li>\n\n\n\n<li><a href=\"https:\/\/web.archive.org\/web\/20240814142401\/http:\/\/gops.suwalki.pl\/index.php?c=getfile&amp;id=69\" target=\"_blank\" rel=\"noreferrer noopener\">Powiatowe Centra Pomocy Rodzinie woj. podlaskie 2021.xlsx<\/a> (11.38 KB)<\/li>\n\n\n\n<li><a href=\"https:\/\/web.archive.org\/web\/20240814142401\/http:\/\/gops.suwalki.pl\/index.php?c=getfile&amp;id=70\" target=\"_blank\" rel=\"noreferrer noopener\">Rejestr Jednostek Specjalistycznego Poradnictwa podlaskie 2021.pdf<\/a> (334.15 KB)<\/li>\n\n\n\n<li><a href=\"https:\/\/web.archive.org\/web\/20240814142401\/http:\/\/gops.suwalki.pl\/index.php?c=getfile&amp;id=71\" target=\"_blank\" rel=\"noreferrer noopener\">Wykaz placowek udzielajacych tymczasowego schronienia w woj. podlaskim 2021.xls<\/a> (45.50 KB)<\/li>\n\n\n\n<li><a href=\"https:\/\/web.archive.org\/web\/20240814142401\/http:\/\/gops.suwalki.pl\/index.php?c=getfile&amp;id=72\" target=\"_blank\" rel=\"noreferrer noopener\">Zespoly Interdyscyplinarne &#8211; baza teleadresowa 2021.xls<\/a> (98.50 KB)<\/li>\n\n\n\n<li><a href=\"https:\/\/web.archive.org\/web\/20240814142401\/http:\/\/gops.suwalki.pl\/index.php?c=getfile&amp;id=73\" target=\"_blank\" rel=\"noreferrer noopener\">Baza Specjalistycznych Osrodkow Wsparcia dla Ofiar Przemocy w Rodzinie w wojewodztwie podlaskim w 2021 r..xls<\/a> (37.00 KB)<\/li>\n\n\n\n<li><a href=\"https:\/\/web.archive.org\/web\/20240814142401\/http:\/\/gops.suwalki.pl\/index.php?c=getfile&amp;id=74\" target=\"_blank\" rel=\"noreferrer noopener\">Baza teleadresowa organizacji pozarzadowych swiadczacych uslugi dla osob i rodzin dotknietych przemoca w rodzinie na terenie wojewodztwa podlaskiego.pdf<\/a> (221.72 KB)<\/li>\n\n\n\n<li><a href=\"https:\/\/web.archive.org\/web\/20240814142401\/http:\/\/gops.suwalki.pl\/index.php?c=getfile&amp;id=75\" target=\"_blank\" rel=\"noreferrer noopener\">Oferta poradnictwa specjalistycznego dla osob doswiadczajacych przemocy w rodzinie przy uzyciu zdalnych srodkow komunikacji- w czasie epidemii wirusa SARS-CoV-2.xls<\/a> (98.00 KB)<\/li>\n\n\n\n<li><a href=\"https:\/\/web.archive.org\/web\/20240814142401\/http:\/\/gops.suwalki.pl\/index.php?c=getfile&amp;id=76\" target=\"_blank\" rel=\"noreferrer noopener\">Osrodki Interwencji Kryzysowej -woj podlaskie 2021 r. -baza teleadresowa.xls<\/a> (42.00 KB)<\/li>\n\n\n\n<li><a href=\"https:\/\/web.archive.org\/web\/20240814142401\/http:\/\/gops.suwalki.pl\/index.php?c=getfile&amp;id=77\" target=\"_blank\" rel=\"noreferrer noopener\">Osrodki Pomocy Spolecznej i Centra Uslug Spolecznych woj. podlaskie 2021.xlsx<\/a> (26.03 KB)<\/li>\n<\/ul>\n","protected":false},"excerpt":{"rendered":"<p>Ustawa z dnia 29 lipca 2005 r. o przeciwdzia\u0142aniu przemocy w rodzinie (Dz.U. z dnia 20 wrze\u015bnia 2005 r., Nr 180, poz. 1493) pobierz plik (format pdf.) Ustawa o zmianie ustawy o przeciwdzia\u0142aniu przemocy w rodzinie oraz niekt\u00f3rych innych ustaw (Dz.U. z dnia 13 lipca 2010 r., Nr 125, poz. 842) pobierz plik (format pdf.)KRAJOWY [&hellip;]<\/p>\n","protected":false},"author":1,"featured_media":0,"parent":0,"menu_order":0,"comment_status":"closed","ping_status":"closed","template":"","meta":{"footnotes":""},"class_list":["post-61","page","type-page","status-publish","hentry"],"_links":{"self":[{"href":"https:\/\/gops.suwalki.pl\/index.php?rest_route=\/wp\/v2\/pages\/61","targetHints":{"allow":["GET"]}}],"collection":[{"href":"https:\/\/gops.suwalki.pl\/index.php?rest_route=\/wp\/v2\/pages"}],"about":[{"href":"https:\/\/gops.suwalki.pl\/index.php?rest_route=\/wp\/v2\/types\/page"}],"author":[{"embeddable":true,"href":"https:\/\/gops.suwalki.pl\/index.php?rest_route=\/wp\/v2\/users\/1"}],"replies":[{"embeddable":true,"href":"https:\/\/gops.suwalki.pl\/index.php?rest_route=%2Fwp%2Fv2%2Fcomments&post=61"}],"version-history":[{"count":2,"href":"https:\/\/gops.suwalki.pl\/index.php?rest_route=\/wp\/v2\/pages\/61\/revisions"}],"predecessor-version":[{"id":191,"href":"https:\/\/gops.suwalki.pl\/index.php?rest_route=\/wp\/v2\/pages\/61\/revisions\/191"}],"wp:attachment":[{"href":"https:\/\/gops.suwalki.pl\/index.php?rest_route=%2Fwp%2Fv2%2Fmedia&parent=61"}],"curies":[{"name":"wp","href":"https:\/\/api.w.org\/{rel}","templated":true}]}}