{"id":66,"date":"2025-10-06T20:23:43","date_gmt":"2025-10-06T20:23:43","guid":{"rendered":"https:\/\/gops.suwalki.pl\/?page_id=66"},"modified":"2025-12-18T21:34:18","modified_gmt":"2025-12-18T21:34:18","slug":"program-fundusze-europejskie-na-pomoc-zywnosciowa-2021-2027","status":"publish","type":"page","link":"https:\/\/gops.suwalki.pl\/?page_id=66","title":{"rendered":"Program Fundusze Europejskie na Pomoc \u017bywno\u015bciow\u0105 2021-2027"},"content":{"rendered":"\n<h3 class=\"wp-block-heading\">Pliki do pobrania<\/h3>\n\n\n\n<div class=\"wp-block-file\"><a id=\"wp-block-file--media-0d52b438-5ba5-427b-a5ac-8828828bb936\" href=\"https:\/\/gops.suwalki.pl\/wp-content\/uploads\/2025\/12\/FEPZ-tresc-na-strone-www-OPL-kolor-pion-1.docx\">FEPZ-tresc-na-strone-www-OPL-kolor-pion-1<\/a><a href=\"https:\/\/gops.suwalki.pl\/wp-content\/uploads\/2025\/12\/FEPZ-tresc-na-strone-www-OPL-kolor-pion-1.docx\" class=\"wp-block-file__button wp-element-button\" download aria-describedby=\"wp-block-file--media-0d52b438-5ba5-427b-a5ac-8828828bb936\">Pobierz<\/a><\/div>\n\n\n\n<div class=\"wp-block-file\"><a id=\"wp-block-file--media-ca398e5c-03f6-4251-9516-cd423d9017e8\" href=\"https:\/\/gops.suwalki.pl\/wp-content\/uploads\/2025\/12\/FEPZ-termin-wydawania-paczek-bw-pion.docx\">FEPZ-termin-wydawania-paczek-bw-pion<\/a><a href=\"https:\/\/gops.suwalki.pl\/wp-content\/uploads\/2025\/12\/FEPZ-termin-wydawania-paczek-bw-pion.docx\" class=\"wp-block-file__button wp-element-button\" download aria-describedby=\"wp-block-file--media-ca398e5c-03f6-4251-9516-cd423d9017e8\">Pobierz<\/a><\/div>\n\n\n\n<div class=\"wp-block-file\"><a id=\"wp-block-file--media-3d8610b5-194b-4e65-b1ea-7d85fb86fd17\" href=\"https:\/\/gops.suwalki.pl\/wp-content\/uploads\/2025\/12\/FEPZ-bezplatne-wydawanie-zywnosci-bw-poziom.docx\">FEPZ-bezplatne-wydawanie-zywnosci-bw-poziom<\/a><a href=\"https:\/\/gops.suwalki.pl\/wp-content\/uploads\/2025\/12\/FEPZ-bezplatne-wydawanie-zywnosci-bw-poziom.docx\" class=\"wp-block-file__button wp-element-button\" download aria-describedby=\"wp-block-file--media-3d8610b5-194b-4e65-b1ea-7d85fb86fd17\">Pobierz<\/a><\/div>\n","protected":false},"excerpt":{"rendered":"<p>Pliki do pobrania<\/p>\n","protected":false},"author":1,"featured_media":0,"parent":0,"menu_order":0,"comment_status":"closed","ping_status":"closed","template":"","meta":{"footnotes":""},"class_list":["post-66","page","type-page","status-publish","hentry"],"_links":{"self":[{"href":"https:\/\/gops.suwalki.pl\/index.php?rest_route=\/wp\/v2\/pages\/66","targetHints":{"allow":["GET"]}}],"collection":[{"href":"https:\/\/gops.suwalki.pl\/index.php?rest_route=\/wp\/v2\/pages"}],"about":[{"href":"https:\/\/gops.suwalki.pl\/index.php?rest_route=\/wp\/v2\/types\/page"}],"author":[{"embeddable":true,"href":"https:\/\/gops.suwalki.pl\/index.php?rest_route=\/wp\/v2\/users\/1"}],"replies":[{"embeddable":true,"href":"https:\/\/gops.suwalki.pl\/index.php?rest_route=%2Fwp%2Fv2%2Fcomments&post=66"}],"version-history":[{"count":3,"href":"https:\/\/gops.suwalki.pl\/index.php?rest_route=\/wp\/v2\/pages\/66\/revisions"}],"predecessor-version":[{"id":203,"href":"https:\/\/gops.suwalki.pl\/index.php?rest_route=\/wp\/v2\/pages\/66\/revisions\/203"}],"wp:attachment":[{"href":"https:\/\/gops.suwalki.pl\/index.php?rest_route=%2Fwp%2Fv2%2Fmedia&parent=66"}],"curies":[{"name":"wp","href":"https:\/\/api.w.org\/{rel}","templated":true}]}}