{"id":82,"date":"2025-10-06T20:26:10","date_gmt":"2025-10-06T20:26:10","guid":{"rendered":"https:\/\/gops.suwalki.pl\/?page_id=82"},"modified":"2025-12-18T21:31:05","modified_gmt":"2025-12-18T21:31:05","slug":"podprogram-2018-efekty","status":"publish","type":"page","link":"https:\/\/gops.suwalki.pl\/?page_id=82","title":{"rendered":"Podprogram 2018 &#8211; efekty"},"content":{"rendered":"\n<p><\/p>\n\n\n\n<ol class=\"wp-block-list\">\n<li>Ochotnicza Stra\u017c Po\u017carna w Sobolewie z terenu wojew\u00f3dztwa podlaskiego przy wsp\u00f3\u0142pracy ze Stowarzyszeniem Bank \u017bywno\u015bci Suwa\u0142ki &#8211; Bia\u0142ystok w Suwa\u0142kach realizowa\u0142a\/\u0142o Program Operacyjny Pomoc \u017bywno\u015bciowa Podprogram 2018 wsp\u00f3\u0142finansowany z Europejskiego Funduszu Pomocy Najbardziej Potrzebuj\u0105cym, kt\u00f3rego celem by\u0142o zapewnienie najubo\u017cszym mieszka\u0144com Polski pomocy \u017cywno\u015bciowej oraz uczestnictwa w dzia\u0142aniach w ramach \u015brodk\u00f3w towarzysz\u0105cych w okresie wrzesie\u0144 2018 \u2013 czerwiec 2019.<\/li>\n\n\n\n<li>Osoby potrzebuj\u0105ce otrzyma\u0142y bezp\u0142atnie artyku\u0142y spo\u017cywcze:<\/li>\n<\/ol>\n\n\n\n<ul class=\"wp-block-list\">\n<li>warzywne i owocowe (groszek z marchewk\u0105, fasola bia\u0142a, koncentrat pomidorowy, buraczki wi\u00f3rki, powid\u0142a \u015bliwkowe);<\/li>\n\n\n\n<li>skrobiowe (makaron jajeczny, makaron kukurydziany bezglutenowy, ry\u017c bia\u0142y, kasza gryczana, herbatniki ma\u015blane),<\/li>\n\n\n\n<li>mleczne (mleko UHT, ser podpuszczkowy dojrzewaj\u0105cy),<\/li>\n\n\n\n<li>mi\u0119sne (szynka drobiowa, szynka wieprzowa mielona, pasztet wieprzowy, kabanosy wieprzowe, filet z makreli w oleju),<\/li>\n<\/ul>\n\n\n\n<ul class=\"wp-block-list\">\n<li>cukier (cukier bia\u0142y, mi\u00f3d wielokwiatowy),<\/li>\n\n\n\n<li>t\u0142uszcze (olej rzepakowy),<\/li>\n\n\n\n<li>dania gotowe (go\u0142\u0105bki w sosie pomidorowym).<\/li>\n<\/ul>\n\n\n\n<ol start=\"2\" class=\"wp-block-list\">\n<li>Pomoc \u017cywno\u015bciowa trafi\u0142a do 367 os\u00f3b znajduj\u0105cych si\u0119 w trudnej sytuacji \u017cyciowej z terenu wojew\u00f3dztwa podlaskiego, gmina Suwa\u0142ki.<\/li>\n\n\n\n<li>Wydali\u015bmy osobom potrzebuj\u0105cym:<\/li>\n<\/ol>\n\n\n\n<ul class=\"wp-block-list\">\n<li>14,473 tony \u017cywno\u015bci;<\/li>\n\n\n\n<li>355 paczek \u017cywno\u015bciowych;<\/li>\n<\/ul>\n\n\n\n<ol start=\"4\" class=\"wp-block-list\">\n<li>W ramach Podprogramu 2018 dla 19 os\u00f3b korzystaj\u0105cych z pomocy \u017cywno\u015bciowej przeprowadzono 3 warsztat\u00f3w edukacyjnych w ramach dzia\u0142a\u0144 towarzysz\u0105cych:<\/li>\n<\/ol>\n\n\n\n<ul class=\"wp-block-list\">\n<li>Ekonomiczne &#8211; 1 spotkanie dla \u00a07 uczestnik\u00f3w<\/li>\n\n\n\n<li>\u017bywieniowe \u2013 1 spotkanie dla 7 uczestnik\u00f3w<\/li>\n\n\n\n<li>Kulinarne &#8211; 1 spotkanie dla 5 uczestnik\u00f3w<\/li>\n<\/ul>\n\n\n\n<p><\/p>\n","protected":false},"excerpt":{"rendered":"","protected":false},"author":1,"featured_media":0,"parent":0,"menu_order":0,"comment_status":"closed","ping_status":"closed","template":"","meta":{"footnotes":""},"class_list":["post-82","page","type-page","status-publish","hentry"],"_links":{"self":[{"href":"https:\/\/gops.suwalki.pl\/index.php?rest_route=\/wp\/v2\/pages\/82","targetHints":{"allow":["GET"]}}],"collection":[{"href":"https:\/\/gops.suwalki.pl\/index.php?rest_route=\/wp\/v2\/pages"}],"about":[{"href":"https:\/\/gops.suwalki.pl\/index.php?rest_route=\/wp\/v2\/types\/page"}],"author":[{"embeddable":true,"href":"https:\/\/gops.suwalki.pl\/index.php?rest_route=\/wp\/v2\/users\/1"}],"replies":[{"embeddable":true,"href":"https:\/\/gops.suwalki.pl\/index.php?rest_route=%2Fwp%2Fv2%2Fcomments&post=82"}],"version-history":[{"count":2,"href":"https:\/\/gops.suwalki.pl\/index.php?rest_route=\/wp\/v2\/pages\/82\/revisions"}],"predecessor-version":[{"id":196,"href":"https:\/\/gops.suwalki.pl\/index.php?rest_route=\/wp\/v2\/pages\/82\/revisions\/196"}],"wp:attachment":[{"href":"https:\/\/gops.suwalki.pl\/index.php?rest_route=%2Fwp%2Fv2%2Fmedia&parent=82"}],"curies":[{"name":"wp","href":"https:\/\/api.w.org\/{rel}","templated":true}]}}